{"id":3219,"date":"2015-11-19T22:16:35","date_gmt":"2015-11-19T21:16:35","guid":{"rendered":"http:\/\/ostomaz.splet.arnes.si\/?page_id=3219"},"modified":"2016-11-23T22:06:00","modified_gmt":"2016-11-23T21:06:00","slug":"etwinning-tell-me-your-story","status":"publish","type":"page","link":"https:\/\/www.ostomaz.si\/?page_id=3219","title":{"rendered":"eTwinning: Tell me your story"},"content":{"rendered":"<p>Na\u0161 projekt Tell me your story je pri koncu. Opravili smo veliko dela in objavili veliko na\u0161ih izdelkov. Zbrano delo vseh sodelujo\u010dih si lahko ogledate <a href=\"https:\/\/sway.com\/ZeaxkXpiZawuaT_B\" target=\"_blank\">tukaj<\/a>.<\/p>\n<p>Na tej povezavi si lahko ogledate na\u0161e delo\u00a0v projektu: <a href=\"http:\/\/padlet.com\/matejamunda2\/tellmeyourstoryINTRODUCTION\" target=\"_blank\">PADLET<\/a><\/p>\n<p>Izdelali smo tudi na\u0161 logotip, ki povezuje vrednote na\u0161e \u0161ole s projektom &#8220;Tell me your story&#8221;. <a href=\"https:\/\/tagul.com\/show\/nwjiqw6vrvyx\/My%20school\" target=\"_blank\">LOGO<\/a><\/p>\n<p style=\"text-align: center\"><a href=\"http:\/\/ostomaz.splet.arnes.si\/files\/2015\/11\/My-school.png\"><img loading=\"lazy\" decoding=\"async\" class=\"alignnone size-medium wp-image-3227\" src=\"http:\/\/ostomaz.splet.arnes.si\/files\/2015\/11\/My-school-300x298.png\" alt=\"My school\" width=\"300\" height=\"298\" srcset=\"https:\/\/www.ostomaz.si\/files\/2015\/11\/My-school-300x298.png 300w, https:\/\/www.ostomaz.si\/files\/2015\/11\/My-school-150x150.png 150w, https:\/\/www.ostomaz.si\/files\/2015\/11\/My-school-55x55.png 55w, https:\/\/www.ostomaz.si\/files\/2015\/11\/My-school-470x467.png 470w, https:\/\/www.ostomaz.si\/files\/2015\/11\/My-school.png 1003w\" sizes=\"auto, (max-width: 300px) 100vw, 300px\" \/><\/a><\/p>\n<p>Ukvarjali smo se tudi z novimi, izmi\u0161ljenimi \u0161porti in k sodelovanju povabili na\u0161e prijatelje: <a href=\"http:\/\/padlet.com\/matejamunda2\/newsports\" target=\"_blank\">New Sports<\/a><\/p>\n<p>Na\u0161 projekt je mednarodni \ud83d\ude42<\/p>\n<p><a href=\"http:\/\/ostomaz.splet.arnes.si\/files\/2015\/11\/Partnerji-eTwinning-zemljevid.jpg\"><img loading=\"lazy\" decoding=\"async\" class=\"  wp-image-3318 aligncenter\" src=\"http:\/\/ostomaz.splet.arnes.si\/files\/2015\/11\/Partnerji-eTwinning-zemljevid-300x215.jpg\" alt=\"Partnerji eTwinning zemljevid\" width=\"367\" height=\"263\" srcset=\"https:\/\/www.ostomaz.si\/files\/2015\/11\/Partnerji-eTwinning-zemljevid-300x215.jpg 300w, https:\/\/www.ostomaz.si\/files\/2015\/11\/Partnerji-eTwinning-zemljevid-77x55.jpg 77w, https:\/\/www.ostomaz.si\/files\/2015\/11\/Partnerji-eTwinning-zemljevid-470x336.jpg 470w, https:\/\/www.ostomaz.si\/files\/2015\/11\/Partnerji-eTwinning-zemljevid.jpg 960w\" sizes=\"auto, (max-width: 367px) 100vw, 367px\" \/><\/a><\/p>\n<p>&nbsp;<\/p>\n<p>9.9.2016<\/p>\n<p>V \u0161olskem letu 2015\/2016 je na\u0161a \u0161ola sodelovala v mednarodnem projektu eTwinning: Tell me your story. Na\u0161e izdelke ste lahko spremljali na na\u0161i<a href=\"https:\/\/sway.com\/ZeaxkXpiZawuaT_B\" target=\"_blank\"> spletni strani<\/a>.<\/p>\n<p>U\u010denci so u\u017eivali ob raznih aktivnostih, katere so potekale v angle\u0161kem jeziku. Vse aktivnosti so bile izvedene s pomo\u010djo multimedije, svoje objave pa smo objavljali na platformi eTwinninga, TwinSpace. U\u010denci so bili zelo pohvaljeni, predvsem od na\u0161ih najbli\u017ejih sosedov v projektu, Srbov. Sodelovale so tudi druge dr\u017eave, kot so: \u0160vedska, Tur\u010dija, Gr\u010dija, Tunizija, Portugalska, Litva&#8230;<\/p>\n<p>Hvala vsem u\u010dencem in u\u010diteljem za pomo\u010d pri izpeljavi!<\/p>\n<p><a href=\"http:\/\/ostomaz.splet.arnes.si\/files\/2016\/09\/ql-splet.jpg\"><img loading=\"lazy\" decoding=\"async\" class=\"alignnone size-medium wp-image-3809\" src=\"http:\/\/ostomaz.splet.arnes.si\/files\/2016\/09\/ql-splet-300x220.jpg\" alt=\"ql splet\" width=\"300\" height=\"220\" srcset=\"https:\/\/www.ostomaz.si\/files\/2016\/09\/ql-splet-300x220.jpg 300w, https:\/\/www.ostomaz.si\/files\/2016\/09\/ql-splet-1024x752.jpg 1024w, https:\/\/www.ostomaz.si\/files\/2016\/09\/ql-splet-75x55.jpg 75w, https:\/\/www.ostomaz.si\/files\/2016\/09\/ql-splet-470x345.jpg 470w, https:\/\/www.ostomaz.si\/files\/2016\/09\/ql-splet.jpg 1028w\" sizes=\"auto, (max-width: 300px) 100vw, 300px\" \/><\/a><\/p>\n<p>&nbsp;<\/p>\n<p>\u0160e ena vesela novica: v torek, 22. 11. 2016, nas je presenetila novica, da je na\u0161 projekt bil nagrajen z znakom kakovosti tudi na evropskem nivoju.<\/p>\n<p>\u0160e enkrat \u010destitke vsem sodelujo\u010dim!<\/p>\n<p><a href=\"http:\/\/ostomaz.splet.arnes.si\/files\/2015\/11\/Et-European-Quality-Label.png\"><img loading=\"lazy\" decoding=\"async\" class=\"alignnone size-medium wp-image-4065\" src=\"http:\/\/ostomaz.splet.arnes.si\/files\/2015\/11\/Et-European-Quality-Label-300x219.png\" alt=\"Et European Quality Label\" width=\"300\" height=\"219\" srcset=\"https:\/\/www.ostomaz.si\/files\/2015\/11\/Et-European-Quality-Label-300x219.png 300w, https:\/\/www.ostomaz.si\/files\/2015\/11\/Et-European-Quality-Label-75x55.png 75w, https:\/\/www.ostomaz.si\/files\/2015\/11\/Et-European-Quality-Label-470x343.png 470w, https:\/\/www.ostomaz.si\/files\/2015\/11\/Et-European-Quality-Label.png 917w\" sizes=\"auto, (max-width: 300px) 100vw, 300px\" \/><\/a><\/p>\n<p>Vodjinja projekta:<\/p>\n<p>Mateja Munda<\/p>\n<p>&nbsp;<\/p>\n","protected":false},"excerpt":{"rendered":"<p>Na\u0161 projekt Tell me your [&hellip;]<\/p>\n","protected":false},"author":5660,"featured_media":4065,"parent":2051,"menu_order":0,"comment_status":"closed","ping_status":"open","template":"","meta":{"ngg_post_thumbnail":0,"footnotes":""},"class_list":["post-3219","page","type-page","status-publish","has-post-thumbnail","hentry"],"_links":{"self":[{"href":"https:\/\/www.ostomaz.si\/index.php?rest_route=\/wp\/v2\/pages\/3219","targetHints":{"allow":["GET"]}}],"collection":[{"href":"https:\/\/www.ostomaz.si\/index.php?rest_route=\/wp\/v2\/pages"}],"about":[{"href":"https:\/\/www.ostomaz.si\/index.php?rest_route=\/wp\/v2\/types\/page"}],"author":[{"embeddable":true,"href":"https:\/\/www.ostomaz.si\/index.php?rest_route=\/wp\/v2\/users\/5660"}],"replies":[{"embeddable":true,"href":"https:\/\/www.ostomaz.si\/index.php?rest_route=%2Fwp%2Fv2%2Fcomments&post=3219"}],"version-history":[{"count":13,"href":"https:\/\/www.ostomaz.si\/index.php?rest_route=\/wp\/v2\/pages\/3219\/revisions"}],"predecessor-version":[{"id":4066,"href":"https:\/\/www.ostomaz.si\/index.php?rest_route=\/wp\/v2\/pages\/3219\/revisions\/4066"}],"up":[{"embeddable":true,"href":"https:\/\/www.ostomaz.si\/index.php?rest_route=\/wp\/v2\/pages\/2051"}],"wp:featuredmedia":[{"embeddable":true,"href":"https:\/\/www.ostomaz.si\/index.php?rest_route=\/wp\/v2\/media\/4065"}],"wp:attachment":[{"href":"https:\/\/www.ostomaz.si\/index.php?rest_route=%2Fwp%2Fv2%2Fmedia&parent=3219"}],"curies":[{"name":"wp","href":"https:\/\/api.w.org\/{rel}","templated":true}]}}