{"id":3035,"date":"2015-10-14T13:21:33","date_gmt":"2015-10-14T11:21:33","guid":{"rendered":"http:\/\/ostomaz.splet.arnes.si\/?page_id=3035"},"modified":"2025-08-29T07:23:36","modified_gmt":"2025-08-29T05:23:36","slug":"skupnost-ucencev-sole","status":"publish","type":"page","link":"https:\/\/www.ostomaz.si\/?page_id=3035","title":{"rendered":"Skupnost u\u010dencev \u0161ole"},"content":{"rendered":"<p><em><strong><span style=\"color: #0000ff\">Skupnost u\u010dencev \u0161ole<\/span><\/strong><\/em><\/p>\n<p style=\"text-align: justify\">Skupnost u\u010dencev sestavljajo predstavniki posameznih oddel\u010dnih skupnosti, ki so bili izvoljeni v svojih razredih v za\u010detku \u0161olskega leta. V septembru u\u010denci izvolijo predsednika skupnosti u\u010dencev in skupaj z mentorico pripravijo okvirni na\u010drt dela.<\/p>\n<p style=\"text-align: justify\">Skupnost u\u010dencev \u0161ole sprejme letni program dela in opravlja naslednje naloge:<\/p>\n<p style=\"text-align: justify\">\u25cf zbira pripombe in predloge oddel\u010dnih skupnosti v zvezi s programom interesih dejavnosti, prireditev in drugih dejavnosti, ki jih organizira \u0161ola,<\/p>\n<p style=\"text-align: justify\">\u25cf informira u\u010dence o svoji dejavnosti,<\/p>\n<p style=\"text-align: justify\">\u25cf na\u010drtuje in organizira skupne akcije (zbiralne, solidarnostne akcije ipd.),<\/p>\n<p style=\"text-align: justify\">\u25cf predlaga izbolj\u0161ave bivalnega okolja in sodeluje pri uresni\u010ditvi idej,<\/p>\n<p style=\"text-align: justify\">\u25cf oblikuje predloge za pohvale, priznanja in nagrade u\u010dencem,<\/p>\n<p style=\"text-align: justify\">\u25cf opravlja druge naloge, za katere se dogovorijo u\u010denci.<\/p>\n<p style=\"text-align: justify\">Namen sre\u010danj je uskladiti in uresni\u010diti interese u\u010dencev, jim omogo\u010diti, da izrazijo potrebe sovrstnikov in svoje mnenje ter skupaj posku\u0161ajo najti re\u0161itve.<\/p>\n<p style=\"text-align: justify\"><span style=\"color: #0000ff\"><em><strong>&nbsp;\u0160olski parlament<\/strong><\/em><\/span><\/p>\n<p style=\"text-align: justify\">\u0160olski parlament je izvr\u0161ilni organ skupnosti u\u010dencev \u0161ole. \u0160olski parlament se skli\u010de najmanj dvakrat letno. Sklicatelj \u0161olskega parlamenta je ravnateljica, lahko pa tudi mentor ali predsednik skupnosti u\u010dencev \u0161ole. \u0160olski parlament razpravlja o vpra\u0161anjih, ki jih predlagajo u\u010denci sami, lahko pa jih predlagajo tudi delavci \u0161ole. Predstavniki \u0161olskega parlamenta sodelujejo pri delu regijskega in dr\u017eavnega otro\u0161kega parlamenta. Tema leto\u0161njega \u0161olskega parlamenta je \u0160OLA IN \u0160OLSKI SISTEM.<\/p>\n<p style=\"text-align: justify\"><em><strong>Predstavniki v \u0161olskem letu 2023\/24:<\/strong><\/em><\/p>\n<p style=\"text-align: justify\">1. a:&nbsp;<\/p>\n<p style=\"text-align: justify\">2. a:&nbsp;<\/p>\n<p style=\"text-align: justify\">3. a:&nbsp;<\/p>\n<p style=\"text-align: justify\">4. a:&nbsp;<\/p>\n<p style=\"text-align: justify\">5. a:&nbsp;<\/p>\n<p style=\"text-align: justify\">6. a:<\/p>\n<p style=\"text-align: justify\">7. a:&nbsp;<\/p>\n<p style=\"text-align: justify\">8.&nbsp; a:&nbsp;<\/p>\n<p style=\"text-align: justify\">9.&nbsp; a:&nbsp;<\/p>\n<p style=\"text-align: justify\"><em><strong>Mentorica:&nbsp;<\/strong><\/em><\/p>\n","protected":false},"excerpt":{"rendered":"<p>Skupnost u\u010dencev \u0161ole Skupnost u\u010dencev [&hellip;]<\/p>\n","protected":false},"author":735,"featured_media":3036,"parent":2382,"menu_order":0,"comment_status":"closed","ping_status":"open","template":"","meta":{"ngg_post_thumbnail":0,"footnotes":""},"class_list":["post-3035","page","type-page","status-publish","has-post-thumbnail","hentry"],"_links":{"self":[{"href":"https:\/\/www.ostomaz.si\/index.php?rest_route=\/wp\/v2\/pages\/3035","targetHints":{"allow":["GET"]}}],"collection":[{"href":"https:\/\/www.ostomaz.si\/index.php?rest_route=\/wp\/v2\/pages"}],"about":[{"href":"https:\/\/www.ostomaz.si\/index.php?rest_route=\/wp\/v2\/types\/page"}],"author":[{"embeddable":true,"href":"https:\/\/www.ostomaz.si\/index.php?rest_route=\/wp\/v2\/users\/735"}],"replies":[{"embeddable":true,"href":"https:\/\/www.ostomaz.si\/index.php?rest_route=%2Fwp%2Fv2%2Fcomments&post=3035"}],"version-history":[{"count":8,"href":"https:\/\/www.ostomaz.si\/index.php?rest_route=\/wp\/v2\/pages\/3035\/revisions"}],"predecessor-version":[{"id":22870,"href":"https:\/\/www.ostomaz.si\/index.php?rest_route=\/wp\/v2\/pages\/3035\/revisions\/22870"}],"up":[{"embeddable":true,"href":"https:\/\/www.ostomaz.si\/index.php?rest_route=\/wp\/v2\/pages\/2382"}],"wp:featuredmedia":[{"embeddable":true,"href":"https:\/\/www.ostomaz.si\/index.php?rest_route=\/wp\/v2\/media\/3036"}],"wp:attachment":[{"href":"https:\/\/www.ostomaz.si\/index.php?rest_route=%2Fwp%2Fv2%2Fmedia&parent=3035"}],"curies":[{"name":"wp","href":"https:\/\/api.w.org\/{rel}","templated":true}]}}