{"id":2927,"date":"2015-10-07T18:31:54","date_gmt":"2015-10-07T16:31:54","guid":{"rendered":"http:\/\/ostomaz.splet.arnes.si\/?page_id=2927"},"modified":"2025-11-07T08:08:28","modified_gmt":"2025-11-07T07:08:28","slug":"projekt-go-car-go-skozi-cas","status":"publish","type":"page","link":"https:\/\/www.ostomaz.si\/?page_id=2927","title":{"rendered":"Projekt go Car Go skozi \u010das"},"content":{"rendered":"<p><em><strong><span style=\"color: #0000ff\">Projekt Go CarGo v \u0161olskem letu 2024\/25 na O\u0160 Sveti Toma\u017e<\/span><\/strong><\/em><\/p>\n<p><img loading=\"lazy\" decoding=\"async\" class=\"aligncenter size-large wp-image-22615\" src=\"https:\/\/www.ostomaz.si\/files\/2025\/05\/IMG_0176-1024x768.jpeg\" alt=\"\" width=\"887\" height=\"665\" srcset=\"https:\/\/www.ostomaz.si\/files\/2025\/05\/IMG_0176-1024x768.jpeg 1024w, https:\/\/www.ostomaz.si\/files\/2025\/05\/IMG_0176-300x225.jpeg 300w, https:\/\/www.ostomaz.si\/files\/2025\/05\/IMG_0176-768x576.jpeg 768w, https:\/\/www.ostomaz.si\/files\/2025\/05\/IMG_0176-1536x1152.jpeg 1536w, https:\/\/www.ostomaz.si\/files\/2025\/05\/IMG_0176-2048x1536.jpeg 2048w, https:\/\/www.ostomaz.si\/files\/2025\/05\/IMG_0176-947x710.jpeg 947w, https:\/\/www.ostomaz.si\/files\/2025\/05\/IMG_0176-624x468.jpeg 624w\" sizes=\"auto, (max-width: 887px) 100vw, 887px\" \/><\/p>\n<p>Ime avtomobila: <strong>Bansche- Coca Cola Maker<\/strong><\/p>\n<p><em><strong><span style=\"color: #0000ff\">Projekt Go CarGo v \u0161olskem letu 2024\/25 na O\u0160 Sveti Toma\u017e<\/span><\/strong><\/em><\/p>\n<p><img loading=\"lazy\" decoding=\"async\" class=\"aligncenter size-large wp-image-22616\" src=\"https:\/\/www.ostomaz.si\/files\/2025\/05\/IMG_0174-1024x768.jpeg\" alt=\"\" width=\"887\" height=\"665\" srcset=\"https:\/\/www.ostomaz.si\/files\/2025\/05\/IMG_0174-1024x768.jpeg 1024w, https:\/\/www.ostomaz.si\/files\/2025\/05\/IMG_0174-300x225.jpeg 300w, https:\/\/www.ostomaz.si\/files\/2025\/05\/IMG_0174-768x576.jpeg 768w, https:\/\/www.ostomaz.si\/files\/2025\/05\/IMG_0174-1536x1152.jpeg 1536w, https:\/\/www.ostomaz.si\/files\/2025\/05\/IMG_0174-2048x1536.jpeg 2048w, https:\/\/www.ostomaz.si\/files\/2025\/05\/IMG_0174-947x710.jpeg 947w, https:\/\/www.ostomaz.si\/files\/2025\/05\/IMG_0174-624x468.jpeg 624w\" sizes=\"auto, (max-width: 887px) 100vw, 887px\" \/><\/p>\n<p>Ime avtomobila: <strong>Princess Peach car<\/strong><\/p>\n<p><em><strong><span style=\"color: #0000ff\">Projekt Go CarGo v \u0161olskem letu 2023\/24 na O\u0160 Sveti Toma\u017e<\/span><\/strong><\/em><\/p>\n<p><img loading=\"lazy\" decoding=\"async\" class=\"aligncenter size-full wp-image-21941\" src=\"https:\/\/www.ostomaz.si\/files\/2024\/11\/Sveti-tomaz-e2024.png\" alt=\"\" width=\"613\" height=\"460\" srcset=\"https:\/\/www.ostomaz.si\/files\/2024\/11\/Sveti-tomaz-e2024.png 613w, https:\/\/www.ostomaz.si\/files\/2024\/11\/Sveti-tomaz-e2024-300x225.png 300w\" sizes=\"auto, (max-width: 613px) 100vw, 613px\" \/><\/p>\n<p>Ime avtomobila: <strong>Peel Pipi<\/strong><\/p>\n<p><em><strong><span style=\"color: #0000ff\">Projekt Go CarGo v \u0161olskem letu 2022\/23 na O\u0160 Sveti Toma\u017e<\/span><\/strong><\/em><\/p>\n<p><img loading=\"lazy\" decoding=\"async\" class=\"aligncenter size-large wp-image-21940\" src=\"https:\/\/www.ostomaz.si\/files\/2024\/11\/Sveti-Tomaz2023-1024x1024.png\" alt=\"\" width=\"887\" height=\"887\" srcset=\"https:\/\/www.ostomaz.si\/files\/2024\/11\/Sveti-Tomaz2023-1024x1024.png 1024w, https:\/\/www.ostomaz.si\/files\/2024\/11\/Sveti-Tomaz2023-300x300.png 300w, https:\/\/www.ostomaz.si\/files\/2024\/11\/Sveti-Tomaz2023-150x150.png 150w, https:\/\/www.ostomaz.si\/files\/2024\/11\/Sveti-Tomaz2023-768x768.png 768w, https:\/\/www.ostomaz.si\/files\/2024\/11\/Sveti-Tomaz2023-947x947.png 947w, https:\/\/www.ostomaz.si\/files\/2024\/11\/Sveti-Tomaz2023-624x624.png 624w, https:\/\/www.ostomaz.si\/files\/2024\/11\/Sveti-Tomaz2023-100x100.png 100w, https:\/\/www.ostomaz.si\/files\/2024\/11\/Sveti-Tomaz2023.png 1125w\" sizes=\"auto, (max-width: 887px) 100vw, 887px\" \/><\/p>\n<p>Ime avtomobila: <strong>Tow Mater<\/strong><\/p>\n<p><em><strong><span style=\"color: #0000ff\">Projekt Go CarGo v \u0161olskem letu 2022\/23 na O\u0160 Sveti Toma\u017e<\/span><\/strong><\/em><\/p>\n<p><img loading=\"lazy\" decoding=\"async\" class=\"aligncenter size-full wp-image-23509\" src=\"https:\/\/www.ostomaz.si\/files\/2025\/11\/bananabarbi.jpg\" alt=\"\" width=\"624\" height=\"468\"><\/p>\n<p>Ime avtomobila: <strong>Banarbi<\/strong><\/p>\n<p><em><strong><span style=\"color: #0000ff\">Projekt Go CarGo v \u0161olskem letu 2021\/22 na O\u0160 Sveti Toma\u017e<\/span><\/strong><\/em><\/p>\n<p><img loading=\"lazy\" decoding=\"async\" class=\"wp-image-21939 aligncenter\" src=\"https:\/\/www.ostomaz.si\/files\/2024\/11\/Supermarioexcar2022.jpg\" alt=\"\" width=\"524\" height=\"554\" srcset=\"https:\/\/www.ostomaz.si\/files\/2024\/11\/Supermarioexcar2022.jpg 302w, https:\/\/www.ostomaz.si\/files\/2024\/11\/Supermarioexcar2022-284x300.jpg 284w\" sizes=\"auto, (max-width: 524px) 100vw, 524px\" \/><\/p>\n<p>Ime avtomolia: <strong>Super Mario E-car<\/strong><\/p>\n<p><em><strong><span style=\"color: #0000ff\">Projekt Go CarGo v \u0161olskem letu 2018\/19 na O\u0160 Sveti Toma\u017e<\/span><\/strong><\/em><\/p>\n<p><a href=\"https:\/\/www.ostomaz.si\/files\/2022\/10\/DSCN2902-e1560494803176-1024x634-1.jpg\"><img loading=\"lazy\" decoding=\"async\" class=\"aligncenter size-full wp-image-17978\" src=\"https:\/\/www.ostomaz.si\/files\/2022\/10\/DSCN2902-e1560494803176-1024x634-1.jpg\" alt=\"\" width=\"1024\" height=\"634\" srcset=\"https:\/\/www.ostomaz.si\/files\/2022\/10\/DSCN2902-e1560494803176-1024x634-1.jpg 1024w, https:\/\/www.ostomaz.si\/files\/2022\/10\/DSCN2902-e1560494803176-1024x634-1-300x186.jpg 300w, https:\/\/www.ostomaz.si\/files\/2022\/10\/DSCN2902-e1560494803176-1024x634-1-768x476.jpg 768w, https:\/\/www.ostomaz.si\/files\/2022\/10\/DSCN2902-e1560494803176-1024x634-1-947x586.jpg 947w, https:\/\/www.ostomaz.si\/files\/2022\/10\/DSCN2902-e1560494803176-1024x634-1-624x386.jpg 624w\" sizes=\"auto, (max-width: 1024px) 100vw, 1024px\" \/><\/a><\/p>\n<p>Ime avtomobila: <strong>Mickey Carr<\/strong><\/p>\n<p><em><strong><span style=\"color: #0000ff\">Projekt Go CarGo v \u0161olskem letu 2017\/18 na O\u0160 Sveti Toma\u017e<\/span><\/strong><\/em><\/p>\n<p><a href=\"https:\/\/www.ostomaz.si\/files\/2022\/10\/20180515_091856-768x432-1.jpg\"><img loading=\"lazy\" decoding=\"async\" class=\"aligncenter size-full wp-image-17977\" src=\"https:\/\/www.ostomaz.si\/files\/2022\/10\/20180515_091856-768x432-1.jpg\" alt=\"\" width=\"768\" height=\"432\" srcset=\"https:\/\/www.ostomaz.si\/files\/2022\/10\/20180515_091856-768x432-1.jpg 768w, https:\/\/www.ostomaz.si\/files\/2022\/10\/20180515_091856-768x432-1-300x169.jpg 300w, https:\/\/www.ostomaz.si\/files\/2022\/10\/20180515_091856-768x432-1-624x351.jpg 624w\" sizes=\"auto, (max-width: 768px) 100vw, 768px\" \/>Ime avtomobila: Pikamobil<\/a><\/p>\n<p><em><strong><span style=\"color: #0000ff\">Projekt Go CarGo v \u0161olskem letu 2016\/17 na O\u0160 Sveti Toma\u017e<\/span><\/strong><\/em><\/p>\nngg_shortcode_0_placeholder\n<p>Ime avtomobila:<strong> Chesses&nbsp; Car<\/strong><\/p>\n<p><em><strong><span style=\"color: #0000ff\">Projekt Go CarGo v \u0161olskem letu 2015\/16 na O\u0160 Sveti Toma\u017e<\/span><\/strong><\/em><\/p>\nngg_shortcode_1_placeholder\n<p>Ime avtomobila: <strong>Hudi\u010devo dober iz O\u0161 Sveti Toma\u017e<\/strong><\/p>\n<p><em><strong><span style=\"color: #0000ff\">Projekt Go CarGo v \u0161olskem letu 2014\/15 na O\u0160 Sveti Toma\u017e<\/span><\/strong><\/em><\/p>\nngg_shortcode_2_placeholder\n<p>Ime avtomobila: <strong>Angry Car<\/strong><\/p>\n<p><em><strong>&nbsp;<\/strong><\/em><span style=\"color: #0000ff\"><em><strong>Projekt Go CarGo v \u0161olskem letu 2013\/14 na O\u0160 Sveti Toma\u017e<\/strong><\/em><\/span><\/p>\nngg_shortcode_3_placeholder\n<p>Ime avtomobila:<em><strong> E-Kitty<\/strong><\/em><\/p>\n<p><span style=\"color: #0000ff\"><em><strong>Projekt Go CarGo v \u0161olskem letu 2012\/13 na O\u0160 Sveti Toma\u017e<\/strong><\/em><\/span><\/p>\nngg_shortcode_4_placeholder\n<p>Ime avtomobila:<em><strong> The Fast and the Furious<\/strong><\/em><\/p>\n<p><span style=\"color: #0000ff\"><em><strong>Projekt Go CarGo v \u0161olskem letu 2011\/12 na O\u0160 Sveti Toma\u017e<\/strong><\/em><\/span><\/p>\nngg_shortcode_5_placeholder\n<p><img loading=\"lazy\" decoding=\"async\" class=\"aligncenter size-full wp-image-23512\" src=\"https:\/\/www.ostomaz.si\/files\/2025\/11\/francek.jpg\" alt=\"\" width=\"800\" height=\"531\" srcset=\"https:\/\/www.ostomaz.si\/files\/2025\/11\/francek.jpg 800w, https:\/\/www.ostomaz.si\/files\/2025\/11\/francek-768x510.jpg 768w, https:\/\/www.ostomaz.si\/files\/2025\/11\/francek-624x414.jpg 624w, https:\/\/www.ostomaz.si\/files\/2025\/11\/francek-84x56.jpg 84w\" sizes=\"auto, (max-width: 800px) 100vw, 800px\" \/><\/p>\n<p>Ime avtomobila: <em><strong>Fran\u010dek<\/strong><\/em><\/p>\n<p><img loading=\"lazy\" decoding=\"async\" class=\"aligncenter size-full wp-image-23514\" src=\"https:\/\/www.ostomaz.si\/files\/2025\/11\/kuku.jpg\" alt=\"\" width=\"398\" height=\"600\"><\/p>\n<p>Ime avtomobila: <em><strong>K\u00dc &#8211; K\u00dc<\/strong><\/em><\/p>\n<p>&nbsp;<\/p>\n<p><span style=\"color: #0000ff\"><em><strong>Projekt Go CarGo v \u0161olskem letu 2010\/11 na O\u0160 Sveti Toma\u017e<\/strong><\/em><\/span><\/p>\nngg_shortcode_6_placeholder\n<p>Ime avtomobila: <em><strong>Vijolica<\/strong><\/em><\/p>\n","protected":false},"excerpt":{"rendered":"<p>Projekt Go CarGo v \u0161olskem [&hellip;]<\/p>\n","protected":false},"author":735,"featured_media":0,"parent":2932,"menu_order":0,"comment_status":"closed","ping_status":"open","template":"","meta":{"ngg_post_thumbnail":0,"footnotes":""},"class_list":["post-2927","page","type-page","status-publish","hentry"],"_links":{"self":[{"href":"https:\/\/www.ostomaz.si\/index.php?rest_route=\/wp\/v2\/pages\/2927","targetHints":{"allow":["GET"]}}],"collection":[{"href":"https:\/\/www.ostomaz.si\/index.php?rest_route=\/wp\/v2\/pages"}],"about":[{"href":"https:\/\/www.ostomaz.si\/index.php?rest_route=\/wp\/v2\/types\/page"}],"author":[{"embeddable":true,"href":"https:\/\/www.ostomaz.si\/index.php?rest_route=\/wp\/v2\/users\/735"}],"replies":[{"embeddable":true,"href":"https:\/\/www.ostomaz.si\/index.php?rest_route=%2Fwp%2Fv2%2Fcomments&post=2927"}],"version-history":[{"count":15,"href":"https:\/\/www.ostomaz.si\/index.php?rest_route=\/wp\/v2\/pages\/2927\/revisions"}],"predecessor-version":[{"id":23515,"href":"https:\/\/www.ostomaz.si\/index.php?rest_route=\/wp\/v2\/pages\/2927\/revisions\/23515"}],"up":[{"embeddable":true,"href":"https:\/\/www.ostomaz.si\/index.php?rest_route=\/wp\/v2\/pages\/2932"}],"wp:attachment":[{"href":"https:\/\/www.ostomaz.si\/index.php?rest_route=%2Fwp%2Fv2%2Fmedia&parent=2927"}],"curies":[{"name":"wp","href":"https:\/\/api.w.org\/{rel}","templated":true}]}}