{"id":2874,"date":"2015-10-01T21:58:48","date_gmt":"2015-10-01T19:58:48","guid":{"rendered":"http:\/\/ostomaz.splet.arnes.si\/?page_id=2874"},"modified":"2025-11-06T13:15:46","modified_gmt":"2025-11-06T12:15:46","slug":"5-in-6-razred","status":"publish","type":"page","link":"https:\/\/www.ostomaz.si\/?page_id=2874","title":{"rendered":"5. in 6. razred"},"content":{"rendered":"<ol start=\"5\">\n<li><strong> RAZRED<\/strong><\/li>\n<\/ol>\n<table style=\"height: 738px\" width=\"741\">\n<tbody>\n<tr>\n<td width=\"302\">NARAVOSLOVNI DNEVI<\/td>\n<td width=\"151\">DATUM IZVEDBE<\/td>\n<td width=\"151\">KRAJ IZVEDBE<\/td>\n<\/tr>\n<tr>\n<td width=\"302\"><strong>Zdravstvene vsebine in <\/strong><\/p>\n<p><strong>zobozdravstveni sistematski pregled<\/strong><\/td>\n<td width=\"151\">24. 9. 2025<\/p>\n<p>neopredeljeno<\/td>\n<td width=\"151\">\u0160ola<\/p>\n<p>Zdravstveni dom<\/td>\n<\/tr>\n<tr>\n<td width=\"302\"><strong>Slovenski tradicionalni zajtrk <\/strong><\/td>\n<td width=\"151\">oktober 2025<\/td>\n<td width=\"151\">\u0161ola<\/td>\n<\/tr>\n<tr>\n<td width=\"302\"><strong>Primorske rastline<\/strong><\/td>\n<td width=\"151\">maj 2026<\/td>\n<td width=\"151\">Ankaran<\/td>\n<\/tr>\n<tr>\n<td width=\"302\">KULTURNI DNEVI<\/td>\n<td width=\"151\">&nbsp;<\/td>\n<td width=\"151\">&nbsp;<\/td>\n<\/tr>\n<tr>\n<td width=\"302\"><strong>Ogled baletne predstave \u2013 Hresta\u010d<\/strong><\/td>\n<td width=\"151\">16. 12. 2025<\/td>\n<td width=\"151\">SNG Maribor<\/td>\n<\/tr>\n<tr>\n<td width=\"302\"><strong>Kino dan<\/strong><\/td>\n<td width=\"151\">11. 2. 2026<\/td>\n<td width=\"151\">Kino Murska Sobota<\/td>\n<\/tr>\n<tr>\n<td width=\"302\"><strong>Pustna povorka<\/strong><\/td>\n<td width=\"151\">14. 2. 2026<\/td>\n<td width=\"151\">Sveti Toma\u017e<\/td>\n<\/tr>\n<tr>\n<td width=\"302\">\u0160PORTNI DNEVI<\/td>\n<td width=\"151\">&nbsp;<\/td>\n<td width=\"151\">&nbsp;<\/td>\n<\/tr>\n<tr>\n<td width=\"302\"><strong>Pohod z igrami<\/strong><\/td>\n<td width=\"151\">2. 9. 2025<\/td>\n<td width=\"151\">Mala vas<\/td>\n<\/tr>\n<tr>\n<td width=\"302\"><strong>Rolanje \u2013 nadaljevalni te\u010daj<\/strong><\/td>\n<td width=\"151\">10. 9. 2025<\/td>\n<td width=\"151\">Igri\u0161\u010de Sveti Toma\u017e<\/td>\n<\/tr>\n<tr>\n<td width=\"302\"><strong>Plesni dan<\/strong><\/td>\n<td width=\"151\">6. \u2013 12. 10. 2025<\/td>\n<td width=\"151\">\u0161ola<\/td>\n<\/tr>\n<tr>\n<td width=\"302\"><strong>Konjeni\u0161ki dan in \u0161portne spretnosti<\/strong><\/td>\n<td width=\"151\">pomlad 2026<\/td>\n<td width=\"151\">Konjeni\u0161ki in mladinski center \u0160katlica<\/td>\n<\/tr>\n<tr>\n<td width=\"302\"><strong>Plavanje<\/strong><\/td>\n<td width=\"151\">maj 2026<\/td>\n<td width=\"151\">Ankaran<\/td>\n<\/tr>\n<tr>\n<td width=\"302\">TEHNI\u0160KI DNEVI<\/td>\n<td width=\"151\">&nbsp;<\/td>\n<td width=\"151\">&nbsp;<\/td>\n<\/tr>\n<tr>\n<td width=\"302\"><strong>Prazni\u010dne delavnice<\/strong><\/td>\n<td width=\"151\">november 2025<\/td>\n<td width=\"151\">\u0161ola<\/td>\n<\/tr>\n<tr>\n<td width=\"302\"><strong>Priprava pustnih kostumov<\/strong><\/td>\n<td width=\"151\">januar \/ februar 2026<\/td>\n<td width=\"151\">\u0161ola<\/td>\n<\/tr>\n<tr>\n<td width=\"302\"><strong>Vre\u010dke za copate<\/strong><\/td>\n<td width=\"151\">december 2025<\/td>\n<td width=\"151\">\u0161ola<\/td>\n<\/tr>\n<tr>\n<td width=\"302\"><strong>Varno na kolesu<\/strong><\/td>\n<td width=\"151\">marec 2026<\/td>\n<td width=\"151\">\u0161ola<\/td>\n<\/tr>\n<\/tbody>\n<\/table>\n<p><strong>ZAKLJU\u010cNA EKSKURZIJA: Sveti Toma\u017e \u2013 Ankaran &#8211; Lipica \u2013 Sveti Toma\u017e<\/strong><\/p>\n<p>&nbsp;<\/p>\n<table style=\"height: 1175px\" width=\"731\">\n<tbody>\n<tr>\n<td colspan=\"5\" width=\"595\"><strong>6.&nbsp;&nbsp;&nbsp; <\/strong><strong>razred<\/strong><\/td>\n<\/tr>\n<tr>\n<td width=\"85\"><strong>DEJAVNOST<\/strong><\/td>\n<td width=\"169\">VSEBINA<\/td>\n<td width=\"112\">\u010cAS<\/td>\n<td width=\"107\">KRAJ<\/td>\n<td width=\"122\">KOORDINATOR<\/td>\n<\/tr>\n<tr>\n<td width=\"85\"><strong>KD<\/strong><\/td>\n<td width=\"169\">Ustvarjalne delavnice za Adventni bazar (izvaja \u010detrtek, 27. 11. 2025)<\/td>\n<td width=\"112\">&nbsp;sreda,<\/p>\n<p>12. 11. 2025<\/td>\n<td width=\"107\">\u0161ola<\/td>\n<td width=\"122\">Mateja Munda + razredniki<\/td>\n<\/tr>\n<tr>\n<td width=\"85\"><strong>KD<\/strong><\/td>\n<td width=\"169\">\u00bbPo praznikih di\u0161i\u00ab<\/td>\n<td width=\"112\">23. december 2025<\/td>\n<td width=\"107\">\u0161ola<\/td>\n<td width=\"122\">Mateja Munda<\/td>\n<\/tr>\n<tr>\n<td width=\"85\"><strong>KD<\/strong><\/td>\n<td width=\"169\">Obisk gledali\u0161\u010da&nbsp; \u00bbSkrivnostni primer ali kdo je umoril psa\u00ab<\/td>\n<td width=\"112\">\u010detrtek, 12. 3. 2026<\/td>\n<td width=\"107\">Maribor<\/td>\n<td width=\"122\">Mateja Munda Aleksandra Kelemina Plemeni\u010d<\/p>\n<p>&nbsp;<\/td>\n<\/tr>\n<tr>\n<td width=\"85\"><strong>ND<\/strong><\/td>\n<td width=\"169\">Eko dan, TSZ<\/td>\n<td width=\"112\">April 2026<\/td>\n<td width=\"107\">\u0161ola<\/td>\n<td width=\"122\">Barbara Colnari\u010d<\/td>\n<\/tr>\n<tr>\n<td width=\"85\"><strong>ND<\/strong><\/td>\n<td width=\"169\">Travnik + Odra\u0161\u010danje (zdravstvene vsebine) &nbsp; &nbsp; &nbsp;<\/td>\n<td width=\"112\">Maj 2026<\/td>\n<td width=\"107\">\u0161ola<\/td>\n<td width=\"122\">Barbara Colnari\u010d<\/td>\n<\/tr>\n<tr>\n<td width=\"85\"><strong>ND<\/strong><\/td>\n<td width=\"169\">\u010clove\u0161ko telo<\/td>\n<td width=\"112\">24. 6. 2026<\/p>\n<p>&nbsp;<\/td>\n<td width=\"107\">Celje<\/td>\n<td width=\"122\">Barbara Colnari\u010d<\/td>\n<\/tr>\n<tr>\n<td width=\"85\"><strong>\u0160D<\/strong><\/td>\n<td width=\"169\">Plavanje, pohod<\/td>\n<td width=\"112\">torek, 2. 9. 2025<\/td>\n<td width=\"107\">Mala Nedelja<\/td>\n<td width=\"122\">Bla\u017e Ajlec<\/td>\n<\/tr>\n<tr>\n<td width=\"85\"><strong>\u0160D<\/strong><\/td>\n<td width=\"169\">Ples<\/td>\n<td width=\"112\">ponedeljek, 22. 12. 2025<\/td>\n<td width=\"107\">Sv. Toma\u017e<\/td>\n<td width=\"122\">Bla\u017e Ajlec<\/td>\n<\/tr>\n<tr>\n<td width=\"85\"><strong>\u0160D<\/strong><\/td>\n<td width=\"169\">Zimski \u0161porti<\/td>\n<td width=\"112\">&nbsp;<\/td>\n<td width=\"107\">Zimska \u0160VN<\/td>\n<td width=\"122\">Bla\u017e Ajlec<\/td>\n<\/tr>\n<tr>\n<td width=\"85\"><strong>\u0160D<\/strong><\/td>\n<td width=\"169\">Atletski mnogoboj<\/td>\n<td width=\"112\">petek, 24. 4. 2026<\/td>\n<td width=\"107\">Sv. Toma\u017e<\/td>\n<td width=\"122\">Bla\u017e Ajlec<\/td>\n<\/tr>\n<tr>\n<td width=\"85\"><strong>\u0160D<\/strong><\/td>\n<td width=\"169\">\u0160portne igre<\/td>\n<td width=\"112\">petek, 12. 6. 2026<\/td>\n<td width=\"107\">Sv. Toma\u017e<\/td>\n<td width=\"122\">Bla\u017e Ajlec<\/td>\n<\/tr>\n<tr>\n<td width=\"85\"><strong>TD<\/strong><\/td>\n<td width=\"169\">Tehno park<\/td>\n<td width=\"112\">petek, 3. 10. 2025<\/td>\n<td width=\"107\">Celje<\/td>\n<td width=\"122\">Drago Slavinec<\/td>\n<\/tr>\n<tr>\n<td width=\"85\"><strong>TD<\/strong><\/td>\n<td width=\"169\">Izdelava klopi<\/td>\n<td width=\"112\">&nbsp;<\/td>\n<td width=\"107\">Zimska \u0160VN<\/td>\n<td width=\"122\">Drago Slavinec<\/td>\n<\/tr>\n<tr>\n<td width=\"85\"><strong>TD<\/strong><\/td>\n<td width=\"169\">Izdelava pustnih mask<\/td>\n<td width=\"112\">ponedeljek, 2. 2. 2026<\/td>\n<td width=\"107\">Sv. Toma\u017e<\/td>\n<td width=\"122\">Drago Slavinec<\/td>\n<\/tr>\n<tr>\n<td width=\"85\"><strong>TD<\/strong><\/td>\n<td width=\"169\">Pust<\/td>\n<td width=\"112\">Sobota 14. 2. 2026<\/td>\n<td width=\"107\">Sv. Toma\u017e<\/td>\n<td width=\"122\">Drago Slavinec + razredniki<\/td>\n<\/tr>\n<tr>\n<td width=\"85\"><strong>Ekskurzija<\/strong><\/td>\n<td width=\"169\">Predjamski grad, Postojnska jama, Cerkni\u0161ko jezero<\/td>\n<td width=\"112\">\u010detrtek, 11. 6. 2026<\/td>\n<td width=\"107\">&nbsp;<\/td>\n<td width=\"122\">Silva Raku\u0161a + razredniki<\/td>\n<\/tr>\n<\/tbody>\n<\/table>\n<p><strong>&nbsp;<\/strong><\/p>\n<p>&nbsp;<\/p>\n","protected":false},"excerpt":{"rendered":"<p>RAZRED NARAVOSLOVNI DNEVI DATUM IZVEDBE [&hellip;]<\/p>\n","protected":false},"author":735,"featured_media":0,"parent":2863,"menu_order":0,"comment_status":"closed","ping_status":"open","template":"","meta":{"ngg_post_thumbnail":0,"footnotes":""},"class_list":["post-2874","page","type-page","status-publish","hentry"],"_links":{"self":[{"href":"https:\/\/www.ostomaz.si\/index.php?rest_route=\/wp\/v2\/pages\/2874","targetHints":{"allow":["GET"]}}],"collection":[{"href":"https:\/\/www.ostomaz.si\/index.php?rest_route=\/wp\/v2\/pages"}],"about":[{"href":"https:\/\/www.ostomaz.si\/index.php?rest_route=\/wp\/v2\/types\/page"}],"author":[{"embeddable":true,"href":"https:\/\/www.ostomaz.si\/index.php?rest_route=\/wp\/v2\/users\/735"}],"replies":[{"embeddable":true,"href":"https:\/\/www.ostomaz.si\/index.php?rest_route=%2Fwp%2Fv2%2Fcomments&post=2874"}],"version-history":[{"count":15,"href":"https:\/\/www.ostomaz.si\/index.php?rest_route=\/wp\/v2\/pages\/2874\/revisions"}],"predecessor-version":[{"id":23507,"href":"https:\/\/www.ostomaz.si\/index.php?rest_route=\/wp\/v2\/pages\/2874\/revisions\/23507"}],"up":[{"embeddable":true,"href":"https:\/\/www.ostomaz.si\/index.php?rest_route=\/wp\/v2\/pages\/2863"}],"wp:attachment":[{"href":"https:\/\/www.ostomaz.si\/index.php?rest_route=%2Fwp%2Fv2%2Fmedia&parent=2874"}],"curies":[{"name":"wp","href":"https:\/\/api.w.org\/{rel}","templated":true}]}}