{"id":2473,"date":"2015-09-01T17:43:00","date_gmt":"2015-09-01T15:43:00","guid":{"rendered":"http:\/\/ostomaz.splet.arnes.si\/?page_id=2473"},"modified":"2025-09-12T08:19:14","modified_gmt":"2025-09-12T06:19:14","slug":"katalog-informacij-javnega-znacaja","status":"publish","type":"page","link":"https:\/\/www.ostomaz.si\/?page_id=2473","title":{"rendered":"Katalog informacij javnega zna\u010daja"},"content":{"rendered":"<p><strong><span style=\"color: #0000ff\">Katalog informacij javnega zna\u010daja zajemajo:<\/span><\/strong><\/p>\n<p><strong><em>1.Osnovni podatki o katalogu<\/em><\/strong><br \/>\n<strong><em>&nbsp;<\/em><\/strong><br \/>\n<strong><em>2. Splo\u0161ni podatki o zavodu in informacijah javnega zna\u010daja, s katerimi razpolaga<\/em><\/strong><br \/>\n<strong><em>&nbsp;<\/em><\/strong><br \/>\n<strong><em>3. Opis na\u010dina dostopa do drugih informacij javnega zna\u010daja<\/em><\/strong><br \/>\n<strong><em>&nbsp;<\/em><\/strong><br \/>\n<strong><em>4. Seznam najpogosteje zahtevanih informacij javnega zna\u010daja<\/em><\/strong><\/p>\n<p><em><strong>1. Osnovni podatki o katalogu<\/strong><\/em><br \/>\n<em>Naziv zavoda:<\/em><br \/>\nOsnovna \u0161ola Sveti Toma\u017e<\/p>\n<p>Sveti Toma\u017e 11<\/p>\n<p>2258 Sveti Toma\u017e<\/p>\n<p>telefon: 02 719 51 05<\/p>\n<p>fax: 02 713 30 60<br \/>\n<em>Odgovorna uradna oseba:<\/em><br \/>\nRavnatelj: Marko Lali\u0107<br \/>\n<em>Datum prve objave kataloga:<\/em><br \/>\nDatum sprejema kataloga: 1. 7. 2013<br \/>\nDatum zadnje spremembe: 1. 7. 2013<br \/>\n<em>Katalog je dostopen na spletnem naslovu in v fizi\u010dni obliki:<\/em><br \/>\n<a href=\"https:\/\/www.ostomaz.si\/\" target=\"_blank\" rel=\"noopener\">https:\/\/www.ostomaz.si\/<\/a><\/p>\n<p>Sveti Toma\u017e 11, 2258 Sveti Toma\u017e<\/p>\n<p><em><strong>2. Splo\u0161ni podatki o zavodu in informacijah javnega zna\u010daja<\/strong><\/em><br \/>\n<span style=\"color: #00ccff\"><em>2. a Organigram in podatki o organizacijah zavoda<\/em><\/span><br \/>\nKratek opis delovnega podro\u010dja zavoda: osnovno\u0161olsko izobra\u017eevanja ter vzgoja in varstvo pred\u0161olskih otrok .<br \/>\n<em>Seznam vseh notranjih organizacijskih enot:<\/em><br \/>\nOsnovna \u0161ola Sveti Toma\u017e, Sveti Toma\u017e 11, 2258 Sveti Toma\u017e<br \/>\nVrtec pri Osnovni \u0161oli Sveti Toma\u017e, Sveti Toma\u017e 11, 2258 Sveti Toma\u017e<br \/>\n<em>Organigram zavoda:<\/em><br \/>\n<a href=\"http:\/\/ostomaz.splet.arnes.si\/o-soli\/organi-sole\/\" target=\"_blank\" rel=\"noopener\">Organigram zavoda<\/a><br \/>\n<span style=\"color: #00ccff\"><em>2. b Kontaktni podatki uradnih oseb pristojnih za posredovanje informacij javnega zna\u010daja<\/em><\/span><br \/>\n<em>Pristojni osebi:<\/em><br \/>\nMarko Lali\u0107 ravnatelj<br \/>\n(02) 719 51 05<\/p>\n<p><a href=\"&#109;a&#x69;l&#x74;o&#x3a;&#111;&#x73;&#46;&#x74;&#111;m&#x61;z&#x2d;o&#x72;&#109;&#x6f;&#122;&#x40;&#103;&#x75;&#101;s&#x74;&#46;&#x61;r&#x6e;&#101;&#x73;&#46;&#x73;&#105;\" target=\"_blank\" rel=\"noopener\">&#x6f;&#115;&#46;&#x74;&#111;m&#x61;&#122;-&#x6f;&#114;m&#x6f;&#122;&#64;&#x67;&#117;e&#x73;&#116;&#46;&#x61;&#114;n&#x65;&#115;&#46;&#x73;&#105;<\/a><br \/>\nSveti Toma\u017e 11, 2258 Sveti Toma\u017e<\/p>\n<p>Mateja Vajda, pomo\u010dnica ravnateljice za vrtec<br \/>\n(02) 713 30 51<\/p>\n<p><a href=\"&#109;a&#x69;l&#x74;o&#x3a;&#118;&#x61;&#106;&#x64;&#97;&#46;&#x6d;a&#x74;e&#x6a;&#97;&#x40;&#103;&#x6d;&#97;&#x69;&#108;&#46;&#x63;o&#x6d;\">&#109;a&#x74;e&#x6a;a&#x2e;v&#x61;j&#x64;a&#x40;&#118;&#x72;&#116;&#x65;&#99;&#x6f;&#115;&#x74;&#122;&#x6f;&#109;&#x61;&#122;&#46;&#x73;i<\/a><\/p>\n<p>Sveti Toma\u017e 11, 2258 Sveti Toma\u017e<br \/>\n<span style=\"color: #00ccff\"><em>2. c Seznam zakonov, podzakonskih aktov in predpisov Evropskih skupnosti z delovnega podro\u010dja organa<\/em> (<em>preko dr\u017eavnega, lokalnega oziroma evropskega registra predpisov)<\/em><\/span><br \/>\n<em>Notranji predpisi:<\/em><\/p>\n<ul>\n<li>Akt o ustanovitvi,<\/li>\n<li><a href=\"http:\/\/ostomaz.splet.arnes.si\/files\/2015\/08\/HI%C5%A0NI_RED.pdf\">Hi\u0161ni red,<\/a><\/li>\n<li>Izjave o varnosti z oceno tveganja,<\/li>\n<li>Katalog informacij javnega zna\u010daja,<\/li>\n<li>Kriteriji za dodelitev sredstev za subvencioniranje \u0161ole v naravi,<\/li>\n<li>Kriteriji za sprejem otrok v vrtec,<\/li>\n<li>Na\u010drt integritete,<\/li>\n<li>Na\u010drt varnih \u0161olskih poti,<\/li>\n<li>Navodilo za popis sredstev in obveznosti do virov sredstev \u2013 inventura ,<\/li>\n<li>Po\u017earna varnost (Po\u017earni red, Po\u017earni na\u010drt in Navodila za izvajanje evakuacije),<\/li>\n<li>Pravila o prilagajanju \u0161olskih obveznosti (status u\u010denca),<\/li>\n<li>Pravila o za\u0161\u010diti delavcev pred nasiljem,<\/li>\n<li>Pravila \u0161olske prehrane,<\/li>\n<li><a href=\"http:\/\/ostomaz.splet.arnes.si\/files\/2015\/08\/PRAVILA_%C5%A0OLSKEGA_REDA_2013_.pdf\">Pravila \u0161olskega reda<\/a>,<\/li>\n<li>Pravila za nadzor \u017eivil \u2013 HACCP sistem,<\/li>\n<li>Pravila zavoda,<\/li>\n<li>Pravila o organizaciji in sistematizaciji delovnih mest,<\/li>\n<li>Pravilnik o prepovedi in ugotavljanju alkoholiziranosti ali omamljenosti ter o prepovedi kajenja,<\/li>\n<li>Pravilnik o ra\u010dunovodstvu,<\/li>\n<li>Program pregledov in vzdr\u017eevanja igral ter igri\u0161\u010d,<\/li>\n<li>Ukrepi za prepre\u010devanje legionel,<\/li>\n<li>Vzgojni na\u010drt,<\/li>\n<\/ul>\n<p><em>Dr\u017eavni predpisi:<\/em><\/p>\n<ul>\n<li><a href=\"http:\/\/www.pisrs.si\/Pis.web\/pregledPredpisa?id=ZAKO10\" target=\"_blank\" rel=\"noopener\">Zakon o zavodih<\/a>,<\/li>\n<li><a href=\"http:\/\/pisrs.si\/Pis.web\/pregledPredpisa?id=ZAKO445\" target=\"_blank\" rel=\"noopener\">Zakon o organizaciji in financiranju vzgoje in izobra\u017eevanj<\/a>a,<\/li>\n<li><a href=\"http:\/\/www.uradni-list.si\/1\/objava.jsp?urlid=2005114&amp;amp;stevilka=5039\" target=\"_blank\" rel=\"noopener\">Zakon o \u0161olski in\u0161pekciji,<\/a><\/li>\n<li><a href=\"http:\/\/www.uradni-list.si\/1\/content?id=112301\" target=\"_blank\" rel=\"noopener\">Zakon o delovnih razmerjih,<\/a><\/li>\n<li><a href=\"http:\/\/www.pisrs.si\/Pis.web\/pregledPredpisa?id=ZAKO3177\" target=\"_blank\" rel=\"noopener\">Zakon o javnih uslu\u017ebencih<\/a>,<\/li>\n<li><a href=\"https:\/\/www.uradni-list.si\/1\/content?id=60783\" target=\"_blank\" rel=\"noopener\">Kolektivna pogodba za negospodarske dejavnosti v RS<\/a>,<\/li>\n<li><a href=\"https:\/\/www.uradni-list.si\/1\/content?id=82716\" target=\"_blank\" rel=\"noopener\">Zakon o sistemu pla\u010d v javnem sektorju,<\/a><\/li>\n<li><a href=\"https:\/\/www.uradni-list.si\/1\/content?id=37063\" target=\"_blank\" rel=\"noopener\">Pravilnik o napredovanju zaposlenih v vzgoji in izobra\u017eevanju v nazive<\/a>,<\/li>\n<li><a href=\"https:\/\/www.uradni-list.si\/1\/content?id=72046\" target=\"_blank\" rel=\"noopener\">Pravilnik o pripravni\u0161tvu in o strokovnem izpitu strokovnih delavcev na podro\u010dju vzgoje in izobra\u017eevanja<\/a>,<\/li>\n<li><a href=\"http:\/\/www.pisrs.si\/Pis.web\/pregledPredpisa?id=KOLP19\" target=\"_blank\" rel=\"noopener\">Kolektivna pogodba za dejavnost vzgoje in izobra\u017eevanja<\/a>,<\/li>\n<li><a href=\"http:\/\/pisrs.si\/Pis.web\/pregledPredpisa?id=PRAV7217\" target=\"_blank\" rel=\"noopener\">Pravilnik o uvrstitvi delovnih mest direktorja s podro\u010dja \u0161olstva in \u0161porta v pla\u010dne razrede znotraj razponov pla\u010dnih razredov,<\/a><\/li>\n<li><a href=\"https:\/\/www.uradni-list.si\/1\/content?id=69688\" target=\"_blank\" rel=\"noopener\">Pravilnik o napredovanju zaposlenih v vrtcih in \u0161olah v pla\u010dilne razrede<\/a>,<\/li>\n<li><a href=\"http:\/\/pisrs.si\/Pis.web\/pregledPredpisa?id=PRAV4226\" target=\"_blank\" rel=\"noopener\">Pravilnik o upravljanju u\u010dbeni\u0161kih skladov<\/a>,<\/li>\n<li><a href=\"http:\/\/www.uradni-list.si\/1\/objava.jsp?urlid=2006128&amp;stevilka=5409\" target=\"_blank\" rel=\"noopener\">Zakon o javnih naro\u010dilih<\/a>,<\/li>\n<li><a href=\"http:\/\/www.pisrs.si\/Pis.web\/pregledPredpisa?id=PRAV6047\" target=\"_blank\" rel=\"noopener\">Pravilnik o pogojih, ki jih morajo izpolnjevati vozila in vozniki vozil, s katerimi se vozijo skupine otrok<\/a>,<\/li>\n<li><a href=\"http:\/\/www.uradni-list.si\/1\/objava.jsp?urlid=200187&amp;stevilka=4446\" target=\"_blank\" rel=\"noopener\">Zakon o knji\u017eni\u010darstvu,<\/a><\/li>\n<li><a href=\"https:\/\/www.uradni-list.si\/1\/content?id=5088\" target=\"_blank\" rel=\"noopener\">Odredba o obvezni vsebini razpisne in ponudbene dokumentacije<\/a>,<\/li>\n<li><a href=\"https:\/\/www.uradni-list.si\/1\/content?id=82668\" target=\"_blank\" rel=\"noopener\">Zakon o varstvu osebnih podatkov,<\/a><\/li>\n<li><a href=\"http:\/\/www.uradni-list.si\/1\/objava.jsp?urlid=200651&amp;stevilka=2180\" target=\"_blank\" rel=\"noopener\">Zakon o dostopu do informacij javnega zna\u010daja,<\/a><\/li>\n<li><a href=\"https:\/\/www.uradni-list.si\/1\/content?id=72111\" target=\"_blank\" rel=\"noopener\">Zakon o splo\u0161nem upravnem postopku<\/a>,<\/li>\n<li><a href=\"https:\/\/www.uradni-list.si\/1\/content?id=74775\" target=\"_blank\" rel=\"noopener\">Zakon o osnovni \u0161oli<\/a>,<\/li>\n<li><a href=\"http:\/\/pisrs.si\/Pis.web\/pregledPredpisa?id=ZAKO447\" target=\"_blank\" rel=\"noopener\">Zakon o vrtcih<\/a>,<\/li>\n<li><a href=\"http:\/\/www.uradni-list.si\/1\/objava.jsp?urlid=201158&amp;stevilka=2714\" target=\"_blank\" rel=\"noopener\">Zakon o usmerjanju otrok s posebnimi potrebami,<\/a><\/li>\n<li><a href=\"https:\/\/www.uradni-list.si\/1\/content?id=113609\" target=\"_blank\" rel=\"noopener\">Pravilnik o preverjanju in ocenjevanju znanja ter napredovanju u\u010dencev v osnovni \u0161oli,<\/a><\/li>\n<li><a href=\"https:\/\/www.uradni-list.si\/1\/content?id=109600\" target=\"_blank\" rel=\"noopener\">Pravilnik o dokumentaciji v O\u0160<\/a>,<\/li>\n<li><a href=\"http:\/\/www.uradni-list.si\/1\/content?id=109599\" target=\"_blank\" rel=\"noopener\">Pravilnik o dokumentaciji v vrtcu,<\/a><\/li>\n<li><a href=\"http:\/\/www.uradni-list.si\/1\/objava.jsp?urlid=201250&amp;stevilka=2116\" target=\"_blank\" rel=\"noopener\">Pravilnik o \u0161olskem koledarju za O\u0160,<\/a><\/li>\n<li><a href=\"http:\/\/pisrs.si\/Pis.web\/pregledPredpisa?id=PRAV6096\" target=\"_blank\" rel=\"noopener\">Pravilnik o zbiranju in varstvu osebnih podatkov na podro\u010dju osnovno\u0161olskega izobra\u017eevanja<\/a>,<\/li>\n<li><a href=\"https:\/\/www.uradni-list.si\/1\/content?id=50376\" target=\"_blank\" rel=\"noopener\">Pravilnik o zbiranju in varstvu osebnih podatkov na podro\u010dju pred\u0161olske vzgoje,<\/a><\/li>\n<li>Pravilnik o publikaciji o O\u0160,<\/li>\n<li>Pravilnik o publikaciji vrtca,<\/li>\n<li><a href=\"http:\/\/www.uradni-list.si\/1\/objava.jsp?urlid=200475&amp;stevilka=3333\" target=\"_blank\" rel=\"noopener\">Pravilnik o pravicah in dol\u017enostih u\u010dencev v osnovni \u0161oli,<\/a><\/li>\n<li><a href=\"http:\/\/www.uradni-list.si\/1\/objava.jsp?sop=2006-01-2720\" target=\"_blank\" rel=\"noopener\">Pravilnik o podrobnej\u0161ih pogojih za organizacijo nivojskega pouka v 9-letni osnovni \u0161oli<\/a>,<\/li>\n<li><a href=\"https:\/\/www.uradni-list.si\/1\/content?id=109600\" target=\"_blank\" rel=\"noopener\">Pravilnik o dokumentaciji v 9-letni osnovni \u0161oli<\/a>,<\/li>\n<li><a href=\"http:\/\/www.uradni-list.si\/1\/objava.jsp?sop=2013-01-1131\" target=\"_blank\" rel=\"noopener\">Pravilnik o nacionalnem preverjanju znanja v devetletni osnovni \u0161oli<\/a>,<\/li>\n<li><a href=\"http:\/\/pisrs.si\/Pis.web\/pregledPredpisa?id=PRAV5933\" target=\"_blank\" rel=\"noopener\">Pravilnik o financiranju \u0161ole v naravi<\/a>,<\/li>\n<li><a href=\"http:\/\/www.uradni-list.si\/1\/objava.jsp?sop=2010-01-2183\" target=\"_blank\" rel=\"noopener\">Pravilnik o subvencioniranje \u0161olske prehrane u\u010dencev v osnovni \u0161olah<\/a>,<\/li>\n<li><a href=\"http:\/\/zakonodaja.sio.si\/wp-content\/uploads\/sites\/10\/2011\/08\/pr_metod_cene_vrtci_npb2.pdf\" target=\"_blank\" rel=\"noopener\">Pravilnik o metodologiji za oblikovanje cen programov v vrtcih, ki izvajajo javno slu\u017ebo,<\/a><\/li>\n<li><a href=\"http:\/\/www.pedenjpednm.si\/wp-content\/uploads\/2014\/02\/VrtecPedenjped_lestvica_pla%C4%8Dil.pdf\" target=\"_blank\" rel=\"noopener\">Pravilnik o pla\u010dilih star\u0161ev za programe v vrtcih,<\/a><\/li>\n<\/ul>\n<p><em>Predpisi EU:<\/em><br \/>\nNa na\u0161em podro\u010dju ni predpisov, ki bi bili regulirani s strani EU.<br \/>\n<span style=\"color: #00ccff\"><em>2. d Seznam predlogov predpisov (preko dr\u017eavnega oziroma lokalnega registra predpisov)<\/em><\/span><br \/>\nPredlogi predpisov:<br \/>\nV postopku ni nobenega predloga predpisov.<br \/>\n<em><span style=\"color: #00ccff\">2. e Seznam strate\u0161kih in programskih dokumentov po vsebinskih sklopih<\/span><\/em><br \/>\nSeznam strate\u0161kih in programskih dokumentov:<br \/>\nLetni delovni na\u010drt (LDN) 2015\/2016<br \/>\n<span style=\"color: #00ccff\"><em>2. f Seznam vrst upravnih, sodnih ali zakonodajnih postopkov<\/em><\/span><br \/>\nVrste postopkov, ki jih vodi organ:<\/p>\n<ul>\n<li>Vpis v prvi razred<\/li>\n<li>Odlo\u010danje o prito\u017ebah na dajanje informacij javnega zna\u010daja<\/li>\n<\/ul>\n<p><em><span style=\"color: #00ccff\">2. g Seznam javnih evidenc, s katerimi organ upravlja<\/span><\/em><br \/>\n<em>Seznam evidenc:<\/em><br \/>\nJih ni.<br \/>\n<span style=\"color: #00ccff\"><em>2. h Seznam drugih informatiziranih zbirk podatkov<\/em><\/span><br \/>\n<em>Seznam zbirk:<\/em><br \/>\nJih ni.<br \/>\n<em><span style=\"color: #00ccff\">2. i Najpomembnej\u0161i vsebinski sklopi drugih informacij javnega zna\u010daja oziroma seznam posameznih dokumentov<\/span><\/em><br \/>\n<em>Sklopi informacij sledijo raz\u010dlenjenemu opisu delovnega podro\u010dja organa:<\/em><\/p>\n<ul>\n<li>Objava \u017ee posredovanih informacij javnega zna\u010daja,<\/li>\n<li>\u0160olski koledar za \u0161olsko leto 2015\/2016,<\/li>\n<li>Seznam u\u010dnih gradiv<\/li>\n<\/ul>\n<p><em><strong>3. Opis na\u010dina dostopa do drugih informacij javnega zna\u010daja<\/strong><\/em><br \/>\nOpis dostopa do posameznih sklopov informacij:<br \/>\nVe\u010dina informacij je dostopna prek spleta <a href=\"https:\/\/www.ostomaz.si\" target=\"_blank\" rel=\"noopener\">https:\/\/www.ostomaz.si<\/a>\/ ob vsakem \u010dasu.<\/p>\n<p>Informacije so fizi\u010dno dostopne v delovnem \u010dasu na sede\u017eu \u0161ole.<\/p>\n<p><em><strong>4. Stro\u0161kovnik iz 36. \u010dlena Zakona o dostopu do informacij javnega zna\u010daja in cenik<\/strong><\/em><br \/>\nStro\u0161kovnik in cenik se izra\u010dunata po Uredbi o posredovanju in ponovni uporabi informacij javnega zna\u010daja (URS \u0161t. 95\/2011-25. 11. 2011, velja od 1. 12. 2011).<\/p>\n<p><em><strong>5. Seznam najpogosteje zahtevanih informacij javnega zna\u010daja<\/strong><\/em><br \/>\n<em>Seznam desetih najpogosteje zahtevanih informacij oziroma tematskih sklopov:<\/em><\/p>\n<ul>\n<li><em><a href=\"http:\/\/ostomaz.splet.arnes.si\/files\/2015\/09\/PVN.pdf\">Na\u010drt varnih \u0161olskih poti<\/a><\/em><\/li>\n<li>Letni delovni na\u010drt 2025\/2026<\/li>\n<li>\u0160olska prehrana.<\/li>\n<li>Kriteriji za sprejem otrok v vrtec.<\/li>\n<\/ul>\n","protected":false},"excerpt":{"rendered":"<p>Katalog informacij javnega zna\u010daja zajemajo: [&hellip;]<\/p>\n","protected":false},"author":735,"featured_media":0,"parent":1699,"menu_order":0,"comment_status":"closed","ping_status":"open","template":"","meta":{"ngg_post_thumbnail":0,"footnotes":""},"class_list":["post-2473","page","type-page","status-publish","hentry"],"_links":{"self":[{"href":"https:\/\/www.ostomaz.si\/index.php?rest_route=\/wp\/v2\/pages\/2473","targetHints":{"allow":["GET"]}}],"collection":[{"href":"https:\/\/www.ostomaz.si\/index.php?rest_route=\/wp\/v2\/pages"}],"about":[{"href":"https:\/\/www.ostomaz.si\/index.php?rest_route=\/wp\/v2\/types\/page"}],"author":[{"embeddable":true,"href":"https:\/\/www.ostomaz.si\/index.php?rest_route=\/wp\/v2\/users\/735"}],"replies":[{"embeddable":true,"href":"https:\/\/www.ostomaz.si\/index.php?rest_route=%2Fwp%2Fv2%2Fcomments&post=2473"}],"version-history":[{"count":15,"href":"https:\/\/www.ostomaz.si\/index.php?rest_route=\/wp\/v2\/pages\/2473\/revisions"}],"predecessor-version":[{"id":23014,"href":"https:\/\/www.ostomaz.si\/index.php?rest_route=\/wp\/v2\/pages\/2473\/revisions\/23014"}],"up":[{"embeddable":true,"href":"https:\/\/www.ostomaz.si\/index.php?rest_route=\/wp\/v2\/pages\/1699"}],"wp:attachment":[{"href":"https:\/\/www.ostomaz.si\/index.php?rest_route=%2Fwp%2Fv2%2Fmedia&parent=2473"}],"curies":[{"name":"wp","href":"https:\/\/api.w.org\/{rel}","templated":true}]}}