{"id":2413,"date":"2015-09-28T21:13:10","date_gmt":"2015-09-28T19:13:10","guid":{"rendered":"http:\/\/ostomaz.splet.arnes.si\/?page_id=2413"},"modified":"2025-11-20T17:46:41","modified_gmt":"2025-11-20T16:46:41","slug":"interesne-dejavnosti","status":"publish","type":"page","link":"https:\/\/www.ostomaz.si\/?page_id=2413","title":{"rendered":"Interesne dejavnosti"},"content":{"rendered":"<p style=\"text-align: center\"><em><strong><span style=\"color: #0000ff\">Urnik interesnih dejavnosti &#8211; A urnik<\/span><\/strong><\/em><\/p>\n<p>Nabor interesnih dejavnosti je predstavljen v tabeli. U\u010denci se priklju\u010dijo k interesni dejavnosti po lastnem interesu in v dogovoru s star\u0161i. Interesne dejavnosti se lahko izvajajo v strnjeni obliki. Mentorji interesnih dejavnosti seznanijo u\u010dence z urnikom interesne dejavnosti.<\/p>\n<table style=\"width: 780px\">\n<tbody>\n<tr>\n<td style=\"width: 159px\" width=\"140\">Interesna dejavnost<\/td>\n<td style=\"width: 121px\" width=\"132\">Mentor<\/td>\n<td style=\"width: 250px\" width=\"246\">Vklju\u010deni razredi<\/td>\n<td style=\"width: 250px\">Ura<\/td>\n<\/tr>\n<tr>\n<td style=\"width: 159px\" rowspan=\"2\" width=\"140\">FOLKLORA<\/td>\n<td style=\"width: 121px\" width=\"132\">A. K. Plemeni\u010d<\/td>\n<td style=\"width: 250px\" width=\"246\">2.a \u2013 4.a<\/td>\n<td style=\"width: 250px\"><\/td>\n<\/tr>\n<tr>\n<td style=\"width: 121px\" width=\"132\">K. Pondrk<\/td>\n<td style=\"width: 250px\" width=\"246\">5.a \u2013 9.a<\/td>\n<td style=\"width: 250px\"><\/td>\n<\/tr>\n<tr>\n<td style=\"width: 159px\" width=\"140\"><\/td>\n<td style=\"width: 121px\" width=\"132\"><\/td>\n<td style=\"width: 250px\" width=\"246\"><\/td>\n<td style=\"width: 250px\"><\/td>\n<\/tr>\n<tr>\n<td style=\"width: 159px\" width=\"140\">PRI\u010cNIMO DAN S PRAVLJICO<\/td>\n<td style=\"width: 121px\" width=\"132\">M. Loren\u010di\u010d<\/td>\n<td style=\"width: 250px\" width=\"246\">1.a \u2013 3.a<\/p>\n<p>&nbsp;<\/td>\n<td style=\"width: 250px\">torek, 0. ura<\/td>\n<\/tr>\n<tr>\n<td style=\"width: 159px\" width=\"140\">PEVSKI ZBOR<\/td>\n<td style=\"width: 121px\" width=\"132\">A. Kelemina P.<\/td>\n<td style=\"width: 250px\" width=\"246\">1.a \u2013 9.a<\/td>\n<td style=\"width: 250px\"><\/td>\n<\/tr>\n<tr>\n<td style=\"width: 159px\" width=\"140\">LIKOVNI KRO\u017dEK<\/td>\n<td style=\"width: 121px\" width=\"132\">Z. \u0160afari\u010d<\/td>\n<td style=\"width: 250px\" width=\"246\">4.a \u2013 6.a<\/td>\n<td style=\"width: 250px\">sreda, 3. ura<\/td>\n<\/tr>\n<tr>\n<td style=\"width: 159px\" width=\"140\">TEHNI\u0160KI KRO\u017dEK<\/td>\n<td style=\"width: 121px\" width=\"132\">D. Slavinec<\/td>\n<td style=\"width: 250px\" width=\"246\">6.a ,8.a<\/td>\n<td style=\"width: 250px\"><\/td>\n<\/tr>\n<tr>\n<td style=\"width: 159px\" width=\"140\">KAJ VE\u0160 O PROMETU<\/td>\n<td style=\"width: 121px\" width=\"132\">D. Slavinec<\/td>\n<td style=\"width: 250px\" width=\"246\">7.a-9.a<\/td>\n<td style=\"width: 250px\"><\/td>\n<\/tr>\n<tr>\n<td style=\"width: 159px\" width=\"140\">FIZIKALNI KRO\u017dEK<\/td>\n<td style=\"width: 121px\" width=\"132\">D. Slavinec<\/td>\n<td style=\"width: 250px\" width=\"246\">8.a<\/td>\n<td style=\"width: 250px\">Sreda 6. ura<\/td>\n<\/tr>\n<tr>\n<td style=\"width: 159px\" width=\"140\">KOLESARSKI POLIGON<\/td>\n<td style=\"width: 121px\" width=\"132\">Z. Majcen<\/td>\n<td style=\"width: 250px\" width=\"246\">5.a<\/td>\n<td style=\"width: 250px\"><\/td>\n<\/tr>\n<tr>\n<td style=\"width: 159px\" width=\"140\">GOSPODINJSKI<\/p>\n<p>KRO\u017dEK<\/td>\n<td style=\"width: 121px\" width=\"132\">M. Korpar M.<\/p>\n<p>&nbsp;<\/td>\n<td style=\"width: 250px\" width=\"246\">3.a \u2013 5.a<\/p>\n<p>&nbsp;<\/td>\n<td style=\"width: 250px\">po dogovoru<\/td>\n<\/tr>\n<tr>\n<td style=\"width: 159px\" width=\"140\">LUTKOVNI KRO\u017dEK<\/td>\n<td style=\"width: 121px\" width=\"132\">Z. Lali\u0107<\/p>\n<p>M. Brom\u0161e<\/td>\n<td style=\"width: 250px\" width=\"246\">5.a , 6.a<\/p>\n<p>1. VIO<\/td>\n<td style=\"width: 250px\"><\/td>\n<\/tr>\n<tr>\n<td style=\"width: 159px\" width=\"140\">RDE\u010cI KRI\u017d<\/td>\n<td style=\"width: 121px\" width=\"132\">Z. Lali\u0107<\/td>\n<td style=\"width: 250px\" width=\"246\">5.a<\/td>\n<td style=\"width: 250px\"><\/td>\n<\/tr>\n<tr>\n<td style=\"width: 159px\" width=\"140\">\u0160OLSKI VRT<\/td>\n<td style=\"width: 121px\" width=\"132\">Z. Lali\u0107<\/td>\n<td style=\"width: 250px\" width=\"246\">5.a<\/td>\n<td style=\"width: 250px\"><\/td>\n<\/tr>\n<tr>\n<td style=\"width: 159px\" width=\"140\">MATEMATI\u010cNI IZZIVI<\/td>\n<td style=\"width: 121px\" width=\"132\">V. Tibaut<\/td>\n<td style=\"width: 250px\" width=\"246\">1. VIO<\/td>\n<td style=\"width: 250px\"><\/td>\n<\/tr>\n<tr>\n<td style=\"width: 159px\" width=\"140\">RO\u010cNE SPRETNOSTI<\/td>\n<td style=\"width: 121px\" width=\"132\">N. \u0160uen<\/td>\n<td style=\"width: 250px\" width=\"246\">8.r<\/td>\n<td style=\"width: 250px\"><\/td>\n<\/tr>\n<\/tbody>\n<\/table>\n<p>&nbsp;<\/p>\n<p><strong>RA\u010cUNALNI\u0160KI KRO\u017dEK \u2013 <\/strong>financira ga ob\u010dina Sveti Toma\u017e<\/p>\n<table style=\"border-collapse: collapse;width: 100%\" border=\"1\">\n<tbody>\n<tr style=\"height: 26px\">\n<td style=\"width: 25%;height: 26px\">Dejavnost<\/td>\n<td style=\"width: 25%;height: 26px\">Mentor<\/td>\n<td style=\"width: 25%;height: 26px\">Razredi<\/td>\n<td style=\"width: 31.8421%;height: 26px\">Ura<\/td>\n<\/tr>\n<tr style=\"height: 26px\">\n<td style=\"width: 25%;height: 26px\">Ra\u010dunalni\u0161ki kro\u017eek<\/td>\n<td style=\"width: 25%;height: 26px\">Drago Slavinec<\/td>\n<td style=\"width: 25%;height: 26px\">1. razred<\/td>\n<td style=\"width: 31.8421%;height: 26px\"><\/td>\n<\/tr>\n<tr style=\"height: 26px\">\n<td style=\"width: 25%;height: 26px\"><\/td>\n<td style=\"width: 25%;height: 26px\"><\/td>\n<td style=\"width: 25%;height: 26px\">2. razred<\/td>\n<td style=\"width: 31.8421%;height: 26px\"><\/td>\n<\/tr>\n<tr>\n<td style=\"width: 25%\"><\/td>\n<td style=\"width: 25%\"><\/td>\n<td style=\"width: 25%\">3. razred<\/td>\n<td style=\"width: 31.8421%\"><\/td>\n<\/tr>\n<tr>\n<td style=\"width: 25%\"><\/td>\n<td style=\"width: 25%\"><\/td>\n<td style=\"width: 25%\">4. razred<\/td>\n<td style=\"width: 31.8421%\">Ponedeljek 6. ura<\/td>\n<\/tr>\n<tr>\n<td style=\"width: 25%\"><\/td>\n<td style=\"width: 25%\"><\/td>\n<td style=\"width: 25%\">5. razred<\/td>\n<td style=\"width: 31.8421%\">Torek 7. ura<\/td>\n<\/tr>\n<tr>\n<td style=\"width: 25%\"><\/td>\n<td style=\"width: 25%\"><\/td>\n<td style=\"width: 25%\">6. razred<\/td>\n<td style=\"width: 31.8421%\">Sreda 2. ura fantje<\/p>\n<p>Sreda 3. ura dekleta<\/td>\n<\/tr>\n<\/tbody>\n<\/table>\n<p><strong>\u00a0<\/strong><\/p>\n<p><strong>\u0160PORTNI KRO\u017dEK \u2013 <\/strong>financira ga ob\u010dina Sveti Toma\u017e<\/p>\n<table>\n<tbody>\n<tr>\n<td width=\"140\">Dejavnost<\/td>\n<td width=\"132\">Mentor<\/td>\n<td width=\"246\">Vklju\u010deni razredi<\/td>\n<\/tr>\n<tr>\n<td width=\"140\">\u0160PORTNI KRO\u017dEK<\/td>\n<td width=\"132\">S. Raku\u0161a<\/td>\n<td width=\"246\">2.a, 3.a<\/td>\n<\/tr>\n<\/tbody>\n<\/table>\n<p><strong>\u00a0<\/strong><\/p>\n<p><strong>PLANINSKI KRO\u017dEK \u2013 <\/strong>financira ga ob\u010dina Sveti Toma\u017e<\/p>\n<table>\n<tbody>\n<tr>\n<td width=\"140\">Dejavnost<\/td>\n<td width=\"132\">Mentor<\/td>\n<td width=\"246\">Vklju\u010deni razredi<\/td>\n<\/tr>\n<tr>\n<td width=\"140\">PLANINSKI KRO\u017dEK<\/td>\n<td width=\"132\">S. Raku\u0161a<\/td>\n<td width=\"246\">2.a \u2013 9.a<\/td>\n<\/tr>\n<\/tbody>\n<\/table>\n<p><strong>\u00a0<\/strong><\/p>\n<p>FAKULTATIVNI POUK: NEM\u0160\u010cINA \u2013 financira ob\u010dina Sveti Toma\u017e<\/p>\n<table>\n<tbody>\n<tr>\n<td width=\"140\">Dejavnost<\/td>\n<td width=\"132\">Mentor<\/td>\n<td width=\"246\">Vklju\u010deni razredi<\/td>\n<\/tr>\n<tr>\n<td width=\"140\">NEM\u0160\u010cINA<\/td>\n<td width=\"132\">S. Raku\u0161a<\/td>\n<td width=\"246\">1.a, 3. VIO<\/td>\n<\/tr>\n<\/tbody>\n<\/table>\n<p>&nbsp;<\/p>\n<p>&nbsp;<\/p>\n<p>&nbsp;<\/p>\n","protected":false},"excerpt":{"rendered":"<p>Urnik interesnih dejavnosti &#8211; A [&hellip;]<\/p>\n","protected":false},"author":735,"featured_media":0,"parent":2045,"menu_order":0,"comment_status":"closed","ping_status":"open","template":"","meta":{"ngg_post_thumbnail":0,"footnotes":""},"class_list":["post-2413","page","type-page","status-publish","hentry"],"_links":{"self":[{"href":"https:\/\/www.ostomaz.si\/index.php?rest_route=\/wp\/v2\/pages\/2413","targetHints":{"allow":["GET"]}}],"collection":[{"href":"https:\/\/www.ostomaz.si\/index.php?rest_route=\/wp\/v2\/pages"}],"about":[{"href":"https:\/\/www.ostomaz.si\/index.php?rest_route=\/wp\/v2\/types\/page"}],"author":[{"embeddable":true,"href":"https:\/\/www.ostomaz.si\/index.php?rest_route=\/wp\/v2\/users\/735"}],"replies":[{"embeddable":true,"href":"https:\/\/www.ostomaz.si\/index.php?rest_route=%2Fwp%2Fv2%2Fcomments&post=2413"}],"version-history":[{"count":15,"href":"https:\/\/www.ostomaz.si\/index.php?rest_route=\/wp\/v2\/pages\/2413\/revisions"}],"predecessor-version":[{"id":23915,"href":"https:\/\/www.ostomaz.si\/index.php?rest_route=\/wp\/v2\/pages\/2413\/revisions\/23915"}],"up":[{"embeddable":true,"href":"https:\/\/www.ostomaz.si\/index.php?rest_route=\/wp\/v2\/pages\/2045"}],"wp:attachment":[{"href":"https:\/\/www.ostomaz.si\/index.php?rest_route=%2Fwp%2Fv2%2Fmedia&parent=2413"}],"curies":[{"name":"wp","href":"https:\/\/api.w.org\/{rel}","templated":true}]}}