{"id":2394,"date":"2015-08-25T21:02:27","date_gmt":"2015-08-25T19:02:27","guid":{"rendered":"http:\/\/ostomaz.splet.arnes.si\/?page_id=2394"},"modified":"2025-11-06T12:29:32","modified_gmt":"2025-11-06T11:29:32","slug":"drugi-strokovni-delavci","status":"publish","type":"page","link":"https:\/\/www.ostomaz.si\/?page_id=2394","title":{"rendered":"Drugi strokovni delavci"},"content":{"rendered":"<p><span style=\"color: #0000ff\"><strong>Svetovalna delavka<\/strong><\/span><\/p>\n<p>\u0160uen Nata\u0161a<\/p>\n<p><strong><span style=\"color: #0000ff\">Logopedinja<\/span><\/strong><\/p>\n<p>Me\u0161terovi\u0107 Mani\u0107 Milena<\/p>\n<p>Bala\u017eic Nu\u0161a<\/p>\n<p><strong><span style=\"color: #0000ff\">Inkluzivna pedagoginja<\/span><\/strong><\/p>\n<p><em> Nu\u0161a Bala\u017eic<\/em><\/p>\n<p><span style=\"color: #0000ff\"><strong>Socialna pedagoginja<\/strong><\/span><\/p>\n<p>Pondrk Nicolette<\/p>\n","protected":false},"excerpt":{"rendered":"<p>Svetovalna delavka \u0160uen Nata\u0161a Logopedinja [&hellip;]<\/p>\n","protected":false},"author":735,"featured_media":0,"parent":2382,"menu_order":0,"comment_status":"closed","ping_status":"open","template":"","meta":{"ngg_post_thumbnail":0,"footnotes":""},"class_list":["post-2394","page","type-page","status-publish","hentry"],"_links":{"self":[{"href":"https:\/\/www.ostomaz.si\/index.php?rest_route=\/wp\/v2\/pages\/2394","targetHints":{"allow":["GET"]}}],"collection":[{"href":"https:\/\/www.ostomaz.si\/index.php?rest_route=\/wp\/v2\/pages"}],"about":[{"href":"https:\/\/www.ostomaz.si\/index.php?rest_route=\/wp\/v2\/types\/page"}],"author":[{"embeddable":true,"href":"https:\/\/www.ostomaz.si\/index.php?rest_route=\/wp\/v2\/users\/735"}],"replies":[{"embeddable":true,"href":"https:\/\/www.ostomaz.si\/index.php?rest_route=%2Fwp%2Fv2%2Fcomments&post=2394"}],"version-history":[{"count":15,"href":"https:\/\/www.ostomaz.si\/index.php?rest_route=\/wp\/v2\/pages\/2394\/revisions"}],"predecessor-version":[{"id":2732,"href":"https:\/\/www.ostomaz.si\/index.php?rest_route=\/wp\/v2\/pages\/2394\/revisions\/2732"}],"up":[{"embeddable":true,"href":"https:\/\/www.ostomaz.si\/index.php?rest_route=\/wp\/v2\/pages\/2382"}],"wp:attachment":[{"href":"https:\/\/www.ostomaz.si\/index.php?rest_route=%2Fwp%2Fv2%2Fmedia&parent=2394"}],"curies":[{"name":"wp","href":"https:\/\/api.w.org\/{rel}","templated":true}]}}