{"id":2351,"date":"2015-08-25T11:45:15","date_gmt":"2015-08-25T09:45:15","guid":{"rendered":"http:\/\/ostomaz.splet.arnes.si\/?page_id=2351"},"modified":"2018-05-04T13:36:49","modified_gmt":"2018-05-04T11:36:49","slug":"svetovalna-sluzba","status":"publish","type":"page","link":"https:\/\/www.ostomaz.si\/?page_id=2351","title":{"rendered":"Svetovalna slu\u017eba"},"content":{"rendered":"<p>\u0160olska svetovalna slu\u017eba svetuje u\u010dencem in star\u0161em ter sodeluje z u\u010ditelji in vodstvom \u0161ole pri na\u010drtovanju in spremljanju razvoja \u0161ole ter pri opravljanju vzgojno-izobra\u017eevalnega dela.<\/p>\n","protected":false},"excerpt":{"rendered":"<p>\u0160olska svetovalna slu\u017eba svetuje u\u010dencem [&hellip;]<\/p>\n","protected":false},"author":735,"featured_media":2380,"parent":1699,"menu_order":0,"comment_status":"closed","ping_status":"open","template":"","meta":{"ngg_post_thumbnail":0,"footnotes":""},"class_list":["post-2351","page","type-page","status-publish","has-post-thumbnail","hentry"],"_links":{"self":[{"href":"https:\/\/www.ostomaz.si\/index.php?rest_route=\/wp\/v2\/pages\/2351","targetHints":{"allow":["GET"]}}],"collection":[{"href":"https:\/\/www.ostomaz.si\/index.php?rest_route=\/wp\/v2\/pages"}],"about":[{"href":"https:\/\/www.ostomaz.si\/index.php?rest_route=\/wp\/v2\/types\/page"}],"author":[{"embeddable":true,"href":"https:\/\/www.ostomaz.si\/index.php?rest_route=\/wp\/v2\/users\/735"}],"replies":[{"embeddable":true,"href":"https:\/\/www.ostomaz.si\/index.php?rest_route=%2Fwp%2Fv2%2Fcomments&post=2351"}],"version-history":[{"count":10,"href":"https:\/\/www.ostomaz.si\/index.php?rest_route=\/wp\/v2\/pages\/2351\/revisions"}],"predecessor-version":[{"id":6935,"href":"https:\/\/www.ostomaz.si\/index.php?rest_route=\/wp\/v2\/pages\/2351\/revisions\/6935"}],"up":[{"embeddable":true,"href":"https:\/\/www.ostomaz.si\/index.php?rest_route=\/wp\/v2\/pages\/1699"}],"wp:featuredmedia":[{"embeddable":true,"href":"https:\/\/www.ostomaz.si\/index.php?rest_route=\/wp\/v2\/media\/2380"}],"wp:attachment":[{"href":"https:\/\/www.ostomaz.si\/index.php?rest_route=%2Fwp%2Fv2%2Fmedia&parent=2351"}],"curies":[{"name":"wp","href":"https:\/\/api.w.org\/{rel}","templated":true}]}}