{"id":23003,"date":"2025-09-01T12:36:07","date_gmt":"2025-09-01T10:36:07","guid":{"rendered":"https:\/\/ostomaz.splet.arnes.si\/?page_id=23003"},"modified":"2025-09-01T12:36:07","modified_gmt":"2025-09-01T10:36:07","slug":"posodobitev-omrezij-lan-na-viz","status":"publish","type":"page","link":"https:\/\/www.ostomaz.si\/?page_id=23003","title":{"rendered":"Posodobitev omre\u017eij LAN na VIZ"},"content":{"rendered":"<p><img loading=\"lazy\" decoding=\"async\" class=\"aligncenter size-full wp-image-23004\" src=\"https:\/\/www.ostomaz.si\/files\/2025\/09\/NOO_Arnes_Ministrstvo-za-vzgojo-in-izobrazevanje_EU-1.png\" alt=\"\" width=\"877\" height=\"90\" srcset=\"https:\/\/www.ostomaz.si\/files\/2025\/09\/NOO_Arnes_Ministrstvo-za-vzgojo-in-izobrazevanje_EU-1.png 877w, https:\/\/www.ostomaz.si\/files\/2025\/09\/NOO_Arnes_Ministrstvo-za-vzgojo-in-izobrazevanje_EU-1-300x31.png 300w, https:\/\/www.ostomaz.si\/files\/2025\/09\/NOO_Arnes_Ministrstvo-za-vzgojo-in-izobrazevanje_EU-1-768x79.png 768w, https:\/\/www.ostomaz.si\/files\/2025\/09\/NOO_Arnes_Ministrstvo-za-vzgojo-in-izobrazevanje_EU-1-624x64.png 624w\" sizes=\"auto, (max-width: 877px) 100vw, 877px\" \/><\/p>\n<p><strong>Naziv operacije<\/strong>: Posodobitev ra\u010dunalni\u0161kih omre\u017eij LAN na VIZ v osnovnem in srednjem \u0161olstvu ter organizacijah za izobra\u017eevanje odraslih<\/p>\n<p><strong>Upravi\u010denec<\/strong>: Arnes, Tehnolo\u0161ki park 18, Ljubljana<\/p>\n<p><strong>Obdobje izvajanja operacije<\/strong>: 2022-2026<\/p>\n<p><a href=\"https:\/\/www.arnes.si\/posodobitev-omrezij-lan-na-viz\/javni-razpis-dodatna-delitev-opreme\/\"><strong>Dodatna aktivna omre\u017ena oprema v okviru izvedbe projekta Posodobitev ra\u010dunalni\u0161kih omre\u017eij na VIZ<\/strong>.<\/a><\/p>\n<h4 class=\"wp-block-heading\"><strong>Cilji projekta<\/strong><\/h4>\n<p>Namen projekta Posodobitev omre\u017eij LAN na VIZ je posodobiti ra\u010dunalni\u0161ka omre\u017eja; pregled obstoje\u010dega stanja, izdelava na\u010drta posodobitve, izvedba posodobitve \u2013 nadgradnja aktivne in pasivne opreme v osnovnem in srednjem \u0161olstvu ter na organizacijah izobra\u017eevanja za odrasle.<\/p>\n<p>Skupna vrednost programa zna\u0161a 5.618.889,34 \u20ac, sredstva mehanizma za okrevanje in odpornost zna\u0161ajo 4.605.647 \u20ac.<\/p>\n<h5 class=\"wp-block-heading\">Posodobitev omre\u017eij LAN na VIZ<\/h5>\n<p>Naziv operacije: Posodobitev ra\u010dunalni\u0161kih omre\u017eij LAN na VIZ v osnovnem in srednjem \u0161olstvu ter organizacijah za izobra\u017eevanje odraslih<\/p>\n<p>Cilji projekta: Namen projekta&nbsp;<a href=\"https:\/\/www.arnes.si\/posodobitev-omrezij-lan-na-viz\/\" target=\"_blank\" rel=\"noreferrer noopener\">Posodobitev omre\u017eij LAN na VIZ<\/a>&nbsp;je posodobiti ra\u010dunalni\u0161ka omre\u017eja; pregled obstoje\u010dega stanja, izdelava na\u010drta posodobitve, izvedba posodobitve \u2013 nadgradnja aktivne in pasivne opreme v osnovnem in srednjem \u0161olstvu ter na organizacijah izobra\u017eevanja za odrasle. Skupna vrednost programa zna\u0161a 5.533.333,81 \u20ac, sredstva mehanizma za okrevanje in odpornost zna\u0161ajo 4.605.647 \u20ac.<\/p>\n<h5 class=\"wp-block-heading\">Obrazlo\u017eitev vloge Evropske unije z naslednjo navedbo<\/h5>\n<p>Na\u010drt za okrevanje in odpornost je podlaga za kori\u0161\u010denje sredstev evropskega Mehanizma za okrevanje in odpornost. Pripomogel bo k okrevanju slovenskega gospodarstva in prispeval k bla\u017eitvi socialnih posledic pandemije covida-19. Z izvedbo na\u010drtovanih reform in nalo\u017eb za zeleni in digitalni prehod bo slovenska dru\u017eba bolj trajnostna, odpornej\u0161a in bolje pripravljena na izzive prihodnosti. NOO sofinancirata Evropska unija in Ministrstvo za vzgojo in izobra\u017eevanje v okviru odziva Unije na pandemijo COVID-19.<\/p>\n<h5 class=\"wp-block-heading\">&nbsp;Povezavo na spletno stran Na\u010drta za okrevanje in odpornost<\/h5>\n<p>Vse informacije o izvajanju Na\u010drta za okrevanje in odpornost (NOO) v Republiki Sloveniji najdete na spletni strani&nbsp;<a href=\"https:\/\/www.gov.si\/zbirke\/projekti-in-programi\/nacrt-za-okrevanje-in-odpornost\" target=\"_blank\" rel=\"noreferrer noopener\">noo.gov.si<\/a>.<\/p>\n<h5 class=\"wp-block-heading\"><strong>Navodila za ozna\u010devanje VIZ s plakatom<\/strong><\/h5>\n<p>Vsaj en plakat, predlogo za tisk najdete spodaj, morajo VIZ natisniti in postaviti na vidno mesto, recimo ob vhodu v stavbo. Predloga je namenjena tisku na format A3. VIZ lahko informacije, ki so na plakatu, enakovredno predstavijo tudi na elektronskem prikazovalniku z informacijami.<\/p>\n<ul class=\"wp-block-list\">\n<li>Predloga za tisk plakata A3 za projekt&nbsp;<a href=\"https:\/\/www.arnes.si\/files\/2023\/08\/NOOoznacevanje_A3_plakati_tiskalnik_koncna_Posodobitev-omrezij-LAN-na-VIZ.pdf\" target=\"_blank\" rel=\"noreferrer noopener\">Posodobitev omre\u017eij LAN na VIZ<\/a>&nbsp;za&nbsp;<strong>obi\u010dajne tiskalnike<\/strong>.<\/li>\n<li>Predloga za tisk plakata A3 za projekt&nbsp;<a href=\"https:\/\/www.arnes.si\/files\/2023\/08\/NOOoznacevanje_A3_plakati_tisk_koncna_Posodobitev-omrezij-LAN-na-VIZ.pdf\" target=\"_blank\" rel=\"noreferrer noopener\">Posodobitev omre\u017eij LAN na VIZ<\/a>&nbsp;za&nbsp;<strong>profesionalni tisk<\/strong>.<\/li>\n<\/ul>\n<h5 class=\"wp-block-heading\"><strong>Navodila za vklju\u010devanje logotipa v dokumente<\/strong><\/h5>\n<p>V vsak dokument, povezan z dolo\u010denim projektom, mora biti vklju\u010den&nbsp;<a href=\"https:\/\/www.arnes.si\/files\/2023\/04\/NOO_Arnes_Ministrstvo-za-vzgojo-in-izobrazevanje_EU.png\" target=\"_blank\" rel=\"noreferrer noopener\">ustrezen logotip<\/a>, oz. vsaj&nbsp;<a href=\"https:\/\/www.arnes.si\/files\/2023\/04\/SL_Financira_Evropska_unija_PANTONE1.png\" target=\"_blank\" rel=\"noreferrer noopener\">emblem EU z izjavo o financiranju \u201cFinancira Evropska unija \u2013 NextGenerationEU<\/a>.<\/p>\n<p><img loading=\"lazy\" decoding=\"async\" class=\"aligncenter size-full wp-image-23004\" src=\"https:\/\/www.ostomaz.si\/files\/2025\/09\/NOO_Arnes_Ministrstvo-za-vzgojo-in-izobrazevanje_EU-1.png\" alt=\"\" width=\"877\" height=\"90\" srcset=\"https:\/\/www.ostomaz.si\/files\/2025\/09\/NOO_Arnes_Ministrstvo-za-vzgojo-in-izobrazevanje_EU-1.png 877w, https:\/\/www.ostomaz.si\/files\/2025\/09\/NOO_Arnes_Ministrstvo-za-vzgojo-in-izobrazevanje_EU-1-300x31.png 300w, https:\/\/www.ostomaz.si\/files\/2025\/09\/NOO_Arnes_Ministrstvo-za-vzgojo-in-izobrazevanje_EU-1-768x79.png 768w, https:\/\/www.ostomaz.si\/files\/2025\/09\/NOO_Arnes_Ministrstvo-za-vzgojo-in-izobrazevanje_EU-1-624x64.png 624w\" sizes=\"auto, (max-width: 877px) 100vw, 877px\" \/><\/p>\n","protected":false},"excerpt":{"rendered":"<p>Naziv operacije: Posodobitev ra\u010dunalni\u0161kih omre\u017eij [&hellip;]<\/p>\n","protected":false},"author":735,"featured_media":0,"parent":0,"menu_order":0,"comment_status":"closed","ping_status":"closed","template":"","meta":{"ngg_post_thumbnail":0,"footnotes":""},"class_list":["post-23003","page","type-page","status-publish","hentry"],"_links":{"self":[{"href":"https:\/\/www.ostomaz.si\/index.php?rest_route=\/wp\/v2\/pages\/23003","targetHints":{"allow":["GET"]}}],"collection":[{"href":"https:\/\/www.ostomaz.si\/index.php?rest_route=\/wp\/v2\/pages"}],"about":[{"href":"https:\/\/www.ostomaz.si\/index.php?rest_route=\/wp\/v2\/types\/page"}],"author":[{"embeddable":true,"href":"https:\/\/www.ostomaz.si\/index.php?rest_route=\/wp\/v2\/users\/735"}],"replies":[{"embeddable":true,"href":"https:\/\/www.ostomaz.si\/index.php?rest_route=%2Fwp%2Fv2%2Fcomments&post=23003"}],"version-history":[{"count":1,"href":"https:\/\/www.ostomaz.si\/index.php?rest_route=\/wp\/v2\/pages\/23003\/revisions"}],"predecessor-version":[{"id":23006,"href":"https:\/\/www.ostomaz.si\/index.php?rest_route=\/wp\/v2\/pages\/23003\/revisions\/23006"}],"wp:attachment":[{"href":"https:\/\/www.ostomaz.si\/index.php?rest_route=%2Fwp%2Fv2%2Fmedia&parent=23003"}],"curies":[{"name":"wp","href":"https:\/\/api.w.org\/{rel}","templated":true}]}}