{"id":2047,"date":"2013-03-13T19:20:30","date_gmt":"2013-03-13T19:20:30","guid":{"rendered":"http:\/\/demo.wpzoom.com\/academica-pro\/?page_id=59"},"modified":"2015-09-01T18:39:54","modified_gmt":"2015-09-01T16:39:54","slug":"for-alumni","status":"publish","type":"page","link":"https:\/\/www.ostomaz.si\/?page_id=2047","title":{"rendered":"\u0160ola"},"content":{"rendered":"<p style=\"text-align: center\"><span style=\"color: #0000ff\">Prisr\u010dno pozdravljeni na spletni strani O\u0160 Sveti Toma\u017e.<\/span><\/p>\n","protected":false},"excerpt":{"rendered":"<p>Prisr\u010dno pozdravljeni na spletni strani [&hellip;]<\/p>\n","protected":false},"author":735,"featured_media":2015,"parent":0,"menu_order":0,"comment_status":"closed","ping_status":"closed","template":"","meta":{"ngg_post_thumbnail":0,"footnotes":""},"class_list":["post-2047","page","type-page","status-publish","has-post-thumbnail","hentry"],"_links":{"self":[{"href":"https:\/\/www.ostomaz.si\/index.php?rest_route=\/wp\/v2\/pages\/2047","targetHints":{"allow":["GET"]}}],"collection":[{"href":"https:\/\/www.ostomaz.si\/index.php?rest_route=\/wp\/v2\/pages"}],"about":[{"href":"https:\/\/www.ostomaz.si\/index.php?rest_route=\/wp\/v2\/types\/page"}],"author":[{"embeddable":true,"href":"https:\/\/www.ostomaz.si\/index.php?rest_route=\/wp\/v2\/users\/735"}],"replies":[{"embeddable":true,"href":"https:\/\/www.ostomaz.si\/index.php?rest_route=%2Fwp%2Fv2%2Fcomments&post=2047"}],"version-history":[{"count":2,"href":"https:\/\/www.ostomaz.si\/index.php?rest_route=\/wp\/v2\/pages\/2047\/revisions"}],"predecessor-version":[{"id":2492,"href":"https:\/\/www.ostomaz.si\/index.php?rest_route=\/wp\/v2\/pages\/2047\/revisions\/2492"}],"wp:featuredmedia":[{"embeddable":true,"href":"https:\/\/www.ostomaz.si\/index.php?rest_route=\/wp\/v2\/media\/2015"}],"wp:attachment":[{"href":"https:\/\/www.ostomaz.si\/index.php?rest_route=%2Fwp%2Fv2%2Fmedia&parent=2047"}],"curies":[{"name":"wp","href":"https:\/\/api.w.org\/{rel}","templated":true}]}}