{"id":18922,"date":"2023-05-03T10:43:53","date_gmt":"2023-05-03T08:43:53","guid":{"rendered":"https:\/\/ostomaz.splet.arnes.si\/?page_id=18922"},"modified":"2023-09-06T07:29:02","modified_gmt":"2023-09-06T05:29:02","slug":"uporabno","status":"publish","type":"page","link":"https:\/\/www.ostomaz.si\/?page_id=18922","title":{"rendered":"Uporabno"},"content":{"rendered":"<p><em>\u00bb\u010ce \u017eelite, da bi bili otroci pametni, jim berite pravljice, \u010de \u017eelite, da bi bili \u0161e bolj pametni, jim berite \u0161e ve\u010d pravljic.\u00ab (A. Einstein)<\/em><\/p>\n<p>Koristno branje:<\/p>\n<ul>\n<li>\u00a0Posledice pretirane uporabe zaslonov &#8220;<a href=\"https:\/\/alenkastare.si\/posledice-uporabe-zaslonov\/\">BERI<\/a>&#8220;<\/li>\n<li>Nekaj skrivnosti o branju <a href=\"https:\/\/alenkastare.si\/nekaj-mojih-skrivnosti-o-branju\/\">&#8220;BERI&#8221;<\/a><\/li>\n<li>Ste vedeli, da je pisanje z roko pomembno <a href=\"https:\/\/alenkastare.si\/ste-vedeli\/\">&#8220;BERI&#8221;<\/a><\/li>\n<li>\u010ce bere\u0161, la\u017eje razume\u0161, kako se vrti ta svet &#8220;<a href=\"https:\/\/mailchi.mp\/nijz\/e-mesecnik-za-mlade-iz-programa-to-sem-jaz-julij-2023\">BERI<\/a>&#8220;<\/li>\n<\/ul>\n","protected":false},"excerpt":{"rendered":"<p>\u00bb\u010ce \u017eelite, da bi bili [&hellip;]<\/p>\n","protected":false},"author":735,"featured_media":0,"parent":2351,"menu_order":0,"comment_status":"closed","ping_status":"closed","template":"","meta":{"ngg_post_thumbnail":0,"footnotes":""},"class_list":["post-18922","page","type-page","status-publish","hentry"],"_links":{"self":[{"href":"https:\/\/www.ostomaz.si\/index.php?rest_route=\/wp\/v2\/pages\/18922","targetHints":{"allow":["GET"]}}],"collection":[{"href":"https:\/\/www.ostomaz.si\/index.php?rest_route=\/wp\/v2\/pages"}],"about":[{"href":"https:\/\/www.ostomaz.si\/index.php?rest_route=\/wp\/v2\/types\/page"}],"author":[{"embeddable":true,"href":"https:\/\/www.ostomaz.si\/index.php?rest_route=\/wp\/v2\/users\/735"}],"replies":[{"embeddable":true,"href":"https:\/\/www.ostomaz.si\/index.php?rest_route=%2Fwp%2Fv2%2Fcomments&post=18922"}],"version-history":[{"count":5,"href":"https:\/\/www.ostomaz.si\/index.php?rest_route=\/wp\/v2\/pages\/18922\/revisions"}],"predecessor-version":[{"id":19463,"href":"https:\/\/www.ostomaz.si\/index.php?rest_route=\/wp\/v2\/pages\/18922\/revisions\/19463"}],"up":[{"embeddable":true,"href":"https:\/\/www.ostomaz.si\/index.php?rest_route=\/wp\/v2\/pages\/2351"}],"wp:attachment":[{"href":"https:\/\/www.ostomaz.si\/index.php?rest_route=%2Fwp%2Fv2%2Fmedia&parent=18922"}],"curies":[{"name":"wp","href":"https:\/\/api.w.org\/{rel}","templated":true}]}}