{"id":18280,"date":"2022-12-20T10:21:53","date_gmt":"2022-12-20T09:21:53","guid":{"rendered":"https:\/\/ostomaz.splet.arnes.si\/?page_id=18280"},"modified":"2022-12-20T10:31:51","modified_gmt":"2022-12-20T09:31:51","slug":"erazmus-pouk-izven-ucilnice","status":"publish","type":"page","link":"https:\/\/www.ostomaz.si\/?page_id=18280","title":{"rendered":"Erazmus +: Pouk izven u\u010dilnice"},"content":{"rendered":"<p><img loading=\"lazy\" decoding=\"async\" class=\"alignleft wp-image-18281 size-medium\" src=\"https:\/\/www.ostomaz.si\/files\/2022\/12\/comenius-300x122.png\" alt=\"\" width=\"300\" height=\"122\" srcset=\"https:\/\/www.ostomaz.si\/files\/2022\/12\/comenius-300x122.png 300w, https:\/\/www.ostomaz.si\/files\/2022\/12\/comenius-1024x416.png 1024w, https:\/\/www.ostomaz.si\/files\/2022\/12\/comenius-768x312.png 768w, https:\/\/www.ostomaz.si\/files\/2022\/12\/comenius-947x384.png 947w, https:\/\/www.ostomaz.si\/files\/2022\/12\/comenius-624x253.png 624w, https:\/\/www.ostomaz.si\/files\/2022\/12\/comenius.png 1042w\" sizes=\"auto, (max-width: 300px) 100vw, 300px\" \/><img loading=\"lazy\" decoding=\"async\" class=\"alignleft wp-image-18282 \" src=\"https:\/\/www.ostomaz.si\/files\/2022\/12\/erazmus-300x257.jpg\" alt=\"\" width=\"233\" height=\"200\" srcset=\"https:\/\/www.ostomaz.si\/files\/2022\/12\/erazmus-300x257.jpg 300w, https:\/\/www.ostomaz.si\/files\/2022\/12\/erazmus.jpg 320w\" sizes=\"auto, (max-width: 233px) 100vw, 233px\" \/>&nbsp;<\/p>\n<p>&nbsp;<\/p>\n<p>&nbsp;<\/p>\n<p>&nbsp;<\/p>\n<p>&nbsp;<\/p>\n<p>Erasmus + je program, ki podpira izobra\u017eevanje, usposabljanje, mlade in \u0161port v Evropi.&nbsp;<em>Program: Sofinanciranje v okviru programa Unije Erasmus+, Razpis Erasmus+ 2021, Klju\u010dni ukrep 1, akcija Mobilnost osebja in u\u010dencev v splo\u0161nem \u0161olskem izobra\u017eevanju za neakreditirane institucije<\/em><\/p>\n<p><em>\u0160tevilka projekta: 2021-1-SI01-KA122-SCH-000013874<\/em><\/p>\n<p><em>Financiranje: nepovratna sredstva<\/em><\/p>\n<p><em>Vsebina projekta je vezana na pripravo in izvedbo dejavnosti izven u\u010dilnice. Zajeta so vsa predmetna podro\u010dja. Vklju\u010duje tudi ukrep mobilnosti skupine u\u010dencev v tujino. Pri\u010dakuje se ve\u010dja motiviranost za u\u010denje. <\/em><\/p>\n<p><em>Pri\u010detek projekta: 1. 9. 2021<\/em><\/p>\n<p><em>Aktivnosti projekta: <\/em><\/p>\n<ul>\n<li><em>Izvedena mobilnost v Beograd.<\/em><\/li>\n<li><em>Nabor dejavnosti za izvajanje pouka izven u\u010dilnice.<\/em><\/li>\n<li><em>Na\u010drtovanje u\u010dilnice na prostem.<\/em><\/li>\n<\/ul>\n<p><em>Aktivnosti projekta, za katere so bila dodeljena nepovratna sredstva, so na\u010drtovana in izvedena v skladu s pravili iz Vodnika za prijavitelje Erasmus+. Dokumentacija se hrani v pisni obliki v tajni\u0161tvu \u0161ole.<\/em><\/p>\n<p><img loading=\"lazy\" decoding=\"async\" class=\"aligncenter size-full wp-image-18287\" src=\"https:\/\/www.ostomaz.si\/files\/2022\/12\/srbija3.jpg\" alt=\"\" width=\"1212\" height=\"682\" srcset=\"https:\/\/www.ostomaz.si\/files\/2022\/12\/srbija3.jpg 1212w, https:\/\/www.ostomaz.si\/files\/2022\/12\/srbija3-300x169.jpg 300w, https:\/\/www.ostomaz.si\/files\/2022\/12\/srbija3-1024x576.jpg 1024w, https:\/\/www.ostomaz.si\/files\/2022\/12\/srbija3-768x432.jpg 768w, https:\/\/www.ostomaz.si\/files\/2022\/12\/srbija3-947x533.jpg 947w, https:\/\/www.ostomaz.si\/files\/2022\/12\/srbija3-624x351.jpg 624w\" sizes=\"auto, (max-width: 1212px) 100vw, 1212px\" \/><\/p>\n<p style=\"text-align: center\"><img loading=\"lazy\" decoding=\"async\" class=\"aligncenter size-full wp-image-18283\" src=\"https:\/\/www.ostomaz.si\/files\/2022\/12\/srbija.jpg\" alt=\"\" width=\"1212\" height=\"682\" srcset=\"https:\/\/www.ostomaz.si\/files\/2022\/12\/srbija.jpg 1212w, https:\/\/www.ostomaz.si\/files\/2022\/12\/srbija-300x169.jpg 300w, https:\/\/www.ostomaz.si\/files\/2022\/12\/srbija-1024x576.jpg 1024w, https:\/\/www.ostomaz.si\/files\/2022\/12\/srbija-768x432.jpg 768w, https:\/\/www.ostomaz.si\/files\/2022\/12\/srbija-947x533.jpg 947w, https:\/\/www.ostomaz.si\/files\/2022\/12\/srbija-624x351.jpg 624w\" sizes=\"auto, (max-width: 1212px) 100vw, 1212px\" \/><\/p>\n<p><img loading=\"lazy\" decoding=\"async\" class=\"aligncenter size-full wp-image-18284\" src=\"https:\/\/www.ostomaz.si\/files\/2022\/12\/srbija2.jpg\" alt=\"\" width=\"1212\" height=\"682\" srcset=\"https:\/\/www.ostomaz.si\/files\/2022\/12\/srbija2.jpg 1212w, https:\/\/www.ostomaz.si\/files\/2022\/12\/srbija2-300x169.jpg 300w, https:\/\/www.ostomaz.si\/files\/2022\/12\/srbija2-1024x576.jpg 1024w, https:\/\/www.ostomaz.si\/files\/2022\/12\/srbija2-768x432.jpg 768w, https:\/\/www.ostomaz.si\/files\/2022\/12\/srbija2-947x533.jpg 947w, https:\/\/www.ostomaz.si\/files\/2022\/12\/srbija2-624x351.jpg 624w\" sizes=\"auto, (max-width: 1212px) 100vw, 1212px\" \/><\/p>\n","protected":false},"excerpt":{"rendered":"<p>&nbsp; &nbsp; &nbsp; &nbsp; &nbsp; [&hellip;]<\/p>\n","protected":false},"author":735,"featured_media":0,"parent":0,"menu_order":0,"comment_status":"closed","ping_status":"closed","template":"","meta":{"ngg_post_thumbnail":0,"footnotes":""},"class_list":["post-18280","page","type-page","status-publish","hentry"],"_links":{"self":[{"href":"https:\/\/www.ostomaz.si\/index.php?rest_route=\/wp\/v2\/pages\/18280","targetHints":{"allow":["GET"]}}],"collection":[{"href":"https:\/\/www.ostomaz.si\/index.php?rest_route=\/wp\/v2\/pages"}],"about":[{"href":"https:\/\/www.ostomaz.si\/index.php?rest_route=\/wp\/v2\/types\/page"}],"author":[{"embeddable":true,"href":"https:\/\/www.ostomaz.si\/index.php?rest_route=\/wp\/v2\/users\/735"}],"replies":[{"embeddable":true,"href":"https:\/\/www.ostomaz.si\/index.php?rest_route=%2Fwp%2Fv2%2Fcomments&post=18280"}],"version-history":[{"count":3,"href":"https:\/\/www.ostomaz.si\/index.php?rest_route=\/wp\/v2\/pages\/18280\/revisions"}],"predecessor-version":[{"id":18291,"href":"https:\/\/www.ostomaz.si\/index.php?rest_route=\/wp\/v2\/pages\/18280\/revisions\/18291"}],"wp:attachment":[{"href":"https:\/\/www.ostomaz.si\/index.php?rest_route=%2Fwp%2Fv2%2Fmedia&parent=18280"}],"curies":[{"name":"wp","href":"https:\/\/api.w.org\/{rel}","templated":true}]}}