{"id":15732,"date":"2021-05-12T13:44:38","date_gmt":"2021-05-12T11:44:38","guid":{"rendered":"http:\/\/ostomaz.splet.arnes.si\/?page_id=15732"},"modified":"2021-05-12T20:47:49","modified_gmt":"2021-05-12T18:47:49","slug":"ats-stem","status":"publish","type":"page","link":"https:\/\/www.ostomaz.si\/?page_id=15732","title":{"rendered":"ATS STEM"},"content":{"rendered":"<p><a href=\"http:\/\/ostomaz.splet.arnes.si\/files\/2021\/05\/ATS_STEM_logo_FINAL_RGB-1.jpg\"><img loading=\"lazy\" decoding=\"async\" class=\"aligncenter size-medium wp-image-15742\" src=\"http:\/\/ostomaz.splet.arnes.si\/files\/2021\/05\/ATS_STEM_logo_FINAL_RGB-1-300x136.jpg\" alt=\"\" width=\"300\" height=\"136\" srcset=\"https:\/\/www.ostomaz.si\/files\/2021\/05\/ATS_STEM_logo_FINAL_RGB-1-300x136.jpg 300w, https:\/\/www.ostomaz.si\/files\/2021\/05\/ATS_STEM_logo_FINAL_RGB-1.jpg 500w\" sizes=\"auto, (max-width: 300px) 100vw, 300px\" \/><\/a><\/p>\n<p>Na\u0161a \u0161ola je vklju\u010dena v mednarodni projekt ATS STEM, kjer gre za vrednotenje pre\u010dnih ve\u0161\u010din na podro\u010dju naravoslovja, matematike in tehnike. Cilj projekta je, ugotoviti, kako pri u\u010dencih na formativen na\u010din razvijati pre\u010dne ve\u0161\u010dine z uporabo IKT orodij na temeljih trajnostnega razvoja. V Sloveniji bo pilotni projekt vodil Zavod za \u0161olstvo v sodelovanju z Ministrstvom za izobra\u017eevanje, znanost in \u0161port. V projektu sodeluje 17 \u0161ol iz Slovenije ter u\u010denci Finske, Irske, Cipra, \u0160vedske, \u0160panije, Belgije, Cipra in Avstrije. Pri\u010detek izvajanja projekta je februar 2019, konec pa marec 2022.<br \/>\nNa na\u0161i \u0161oli v projekti ATS Stem sodelujemo \u010dlani projektnega tima Irma Murad, Barbara Colnari\u010d, Drago Slavinec, Kristina Heki\u0107, Mateja Munda in Tadeja Vrbnjak Zorman ter u\u010denci in u\u010denke 8. razreda. S temi u\u010denci razvijamo pre\u010dni ve\u0161\u010dini komunikacija in kriti\u010dno mi\u0161ljenje, pri \u010demer je v ospredju argumentiranje, po principih formativnega spremljanja.<br \/>\nNa ta na\u010din ustvarjamo pogoje, v katerih lahko u\u010denci gradijo in razvijajo svoje ve\u0161\u010dine, ki jih bodo lahko uporabili v poklicih prihodnosti.<\/p>\n<p>Zapisala: vodja \u0160PT Tadeja V. Zorman<\/p>\n<p><a href=\"http:\/\/ostomaz.splet.arnes.si\/files\/2021\/05\/SPTslika_OS_Sveti_Tomaz.jpg\"><img loading=\"lazy\" decoding=\"async\" class=\"alignnone size-medium wp-image-15740\" src=\"http:\/\/ostomaz.splet.arnes.si\/files\/2021\/05\/SPTslika_OS_Sveti_Tomaz-300x225.jpg\" alt=\"\" width=\"300\" height=\"225\" srcset=\"https:\/\/www.ostomaz.si\/files\/2021\/05\/SPTslika_OS_Sveti_Tomaz-300x225.jpg 300w, https:\/\/www.ostomaz.si\/files\/2021\/05\/SPTslika_OS_Sveti_Tomaz-1024x768.jpg 1024w, https:\/\/www.ostomaz.si\/files\/2021\/05\/SPTslika_OS_Sveti_Tomaz-768x576.jpg 768w, https:\/\/www.ostomaz.si\/files\/2021\/05\/SPTslika_OS_Sveti_Tomaz-1536x1152.jpg 1536w, https:\/\/www.ostomaz.si\/files\/2021\/05\/SPTslika_OS_Sveti_Tomaz-947x710.jpg 947w, https:\/\/www.ostomaz.si\/files\/2021\/05\/SPTslika_OS_Sveti_Tomaz-624x468.jpg 624w, https:\/\/www.ostomaz.si\/files\/2021\/05\/SPTslika_OS_Sveti_Tomaz.jpg 2048w\" sizes=\"auto, (max-width: 300px) 100vw, 300px\" \/><\/a><\/p>\n","protected":false},"excerpt":{"rendered":"<p>Na\u0161a \u0161ola je vklju\u010dena v [&hellip;]<\/p>\n","protected":false},"author":735,"featured_media":15742,"parent":2051,"menu_order":0,"comment_status":"closed","ping_status":"closed","template":"","meta":{"ngg_post_thumbnail":0,"footnotes":""},"class_list":["post-15732","page","type-page","status-publish","has-post-thumbnail","hentry"],"_links":{"self":[{"href":"https:\/\/www.ostomaz.si\/index.php?rest_route=\/wp\/v2\/pages\/15732","targetHints":{"allow":["GET"]}}],"collection":[{"href":"https:\/\/www.ostomaz.si\/index.php?rest_route=\/wp\/v2\/pages"}],"about":[{"href":"https:\/\/www.ostomaz.si\/index.php?rest_route=\/wp\/v2\/types\/page"}],"author":[{"embeddable":true,"href":"https:\/\/www.ostomaz.si\/index.php?rest_route=\/wp\/v2\/users\/735"}],"replies":[{"embeddable":true,"href":"https:\/\/www.ostomaz.si\/index.php?rest_route=%2Fwp%2Fv2%2Fcomments&post=15732"}],"version-history":[{"count":4,"href":"https:\/\/www.ostomaz.si\/index.php?rest_route=\/wp\/v2\/pages\/15732\/revisions"}],"predecessor-version":[{"id":15743,"href":"https:\/\/www.ostomaz.si\/index.php?rest_route=\/wp\/v2\/pages\/15732\/revisions\/15743"}],"up":[{"embeddable":true,"href":"https:\/\/www.ostomaz.si\/index.php?rest_route=\/wp\/v2\/pages\/2051"}],"wp:featuredmedia":[{"embeddable":true,"href":"https:\/\/www.ostomaz.si\/index.php?rest_route=\/wp\/v2\/media\/15742"}],"wp:attachment":[{"href":"https:\/\/www.ostomaz.si\/index.php?rest_route=%2Fwp%2Fv2%2Fmedia&parent=15732"}],"curies":[{"name":"wp","href":"https:\/\/api.w.org\/{rel}","templated":true}]}}